{"id":998,"date":"2018-08-29T14:32:25","date_gmt":"2018-08-29T17:32:25","guid":{"rendered":"https:\/\/ieseccleston-caba.infd.edu.ar\/sitio\/autoridades\/"},"modified":"2026-02-27T14:15:26","modified_gmt":"2026-02-27T17:15:26","slug":"autoridades","status":"publish","type":"page","link":"https:\/\/ieseccleston-caba.infd.edu.ar\/sitio\/autoridades\/","title":{"rendered":"Autoridades"},"content":{"rendered":"<h2>Equipo Directivo<\/h2>\n<p><strong>Rectora:<\/strong> Prof. Andrea Fernandez<br \/>\n<strong>Vicerrector\/a:<\/strong> Prof. Daniela Gonz\u00e1lez<br \/>\n<strong>Regente:<\/strong> Prof. Fernanda Ram\u00edrez<\/p>\n<h4>Comit\u00e9 Acad\u00e9mico<\/h4>\n<p>Constituido por: Rectora , Vicerrector, Regente , Coordinadores de los Campos de : Formaci\u00f3n General, Formaci\u00f3n Centrado en el Nivel y de la Formaci\u00f3n de la Pr\u00e1cticas Profesionales<\/p>\n<h4>Consejo Directivo:<\/h4>\n<p>Es el \u00f3rgano y responsable del desarrollo del Proyecto Institucional de la Orientaci\u00f3n , Asesoramiento y supervisi\u00f3n de la Gesti\u00f3n.<\/p>\n<p>Integrado por los Docentes , Estudiantes, Estudiantes Graduados y Cuarto Claustro, los cargos electivos cuyos desempe\u00f1o es temporario y \u00abad-honorem\u00bb.<\/p>\n<h4>Coordinaci\u00f3n de los Campos:<\/h4>\n<p>La misi\u00f3n de los Coordinadores de los Campos &#8211; seg\u00fan las disposiciones y\u00a0resoluciones vigentes &#8211; apunta\u00a0a promover la creaci\u00f3n de espacios de\u00a0complementariedad para la realizaci\u00f3n de acciones espec\u00edficas del campo como as\u00ed la articulaci\u00f3n\u00a0con\u00a0los otros\u00a0campos .\u00a0Tambi\u00e9n colaboran en el dise\u00f1o, desarrollo y Evaluaci\u00f3n del PEI.<\/p>\n<p><strong>Coordinan\u00a0cada\u00a0Campo:<\/strong><\/p>\n<table border=\"0\">\n<tbody>\n<tr>\n<td>C.F.G :<\/td>\n<td>Prof. Mar\u00eda Luz Lafiosca<\/td>\n<\/tr>\n<tr>\n<td><\/td>\n<td>Prof. Magal\u00ed Milmaniene<\/td>\n<\/tr>\n<tr>\n<td>C.F.E. :<\/td>\n<td>Prof. Amalia Van Aken<\/td>\n<\/tr>\n<tr>\n<td><\/td>\n<td>Prof. Mar\u00eda Laura Inda<\/td>\n<\/tr>\n<tr>\n<td height=\"21\">C.F.P.P :<\/td>\n<td>Prof. \u00a0Karina Benchimol<\/td>\n<\/tr>\n<tr>\n<td><\/td>\n<td>Prof. Norma Pappalettera<\/td>\n<\/tr>\n<tr>\n<td><\/td>\n<td>Prof. Paula Moreno<\/td>\n<\/tr>\n<tr>\n<td><\/td>\n<td><\/td>\n<\/tr>\n<\/tbody>\n<\/table>\n","protected":false},"excerpt":{"rendered":"<p>Equipo Directivo Rectora: Prof. Andrea Fernandez Vicerrector\/a: Prof. Daniela Gonz\u00e1lez Regente: Prof. Fernanda Ram\u00edrez Comit\u00e9 Acad\u00e9mico Constituido por: Rectora , Vicerrector, Regente , Coordinadores de los Campos de : Formaci\u00f3n General, Formaci\u00f3n Centrado en el Nivel y de la Formaci\u00f3n de la Pr\u00e1cticas Profesionales Consejo Directivo: Es el \u00f3rgano y responsable del desarrollo del Proyecto &#8230; <a title=\"Autoridades\" class=\"read-more\" href=\"https:\/\/ieseccleston-caba.infd.edu.ar\/sitio\/autoridades\/\" aria-label=\"More on Autoridades\">[+]<\/a><\/p>\n","protected":false},"author":7,"featured_media":0,"parent":0,"menu_order":0,"comment_status":"closed","ping_status":"closed","template":"","meta":[],"acf":[],"_links":{"self":[{"href":"https:\/\/ieseccleston-caba.infd.edu.ar\/sitio\/wp-json\/wp\/v2\/pages\/998"}],"collection":[{"href":"https:\/\/ieseccleston-caba.infd.edu.ar\/sitio\/wp-json\/wp\/v2\/pages"}],"about":[{"href":"https:\/\/ieseccleston-caba.infd.edu.ar\/sitio\/wp-json\/wp\/v2\/types\/page"}],"author":[{"embeddable":true,"href":"https:\/\/ieseccleston-caba.infd.edu.ar\/sitio\/wp-json\/wp\/v2\/users\/7"}],"replies":[{"embeddable":true,"href":"https:\/\/ieseccleston-caba.infd.edu.ar\/sitio\/wp-json\/wp\/v2\/comments?post=998"}],"version-history":[{"count":26,"href":"https:\/\/ieseccleston-caba.infd.edu.ar\/sitio\/wp-json\/wp\/v2\/pages\/998\/revisions"}],"predecessor-version":[{"id":2857,"href":"https:\/\/ieseccleston-caba.infd.edu.ar\/sitio\/wp-json\/wp\/v2\/pages\/998\/revisions\/2857"}],"wp:attachment":[{"href":"https:\/\/ieseccleston-caba.infd.edu.ar\/sitio\/wp-json\/wp\/v2\/media?parent=998"}],"curies":[{"name":"wp","href":"https:\/\/api.w.org\/{rel}","templated":true}]}}