{"id":978,"date":"2018-08-29T14:32:17","date_gmt":"2018-08-29T17:32:17","guid":{"rendered":"https:\/\/ieseccleston-caba.infd.edu.ar\/sitio\/biblioteca\/"},"modified":"2022-05-20T09:28:06","modified_gmt":"2022-05-20T12:28:06","slug":"biblioteca","status":"publish","type":"page","link":"https:\/\/ieseccleston-caba.infd.edu.ar\/sitio\/biblioteca\/","title":{"rendered":"Biblioteca"},"content":{"rendered":"<p>La Biblioteca \u201cMarina Margarita Ravioli\u201d depende del Rectorado del Instituto Superior de Profesorado de Educaci\u00f3n Inicial \u201cSara C. de Eccleston. Cuenta con un fondo bibliogr\u00e1fico, M.A.V. especializados en Educaci\u00f3n en Formaci\u00f3n Superior de Nivel Inicial.<br \/>Es una Biblioteca de trabajo, que act\u00faa en forma din\u00e1mica como centro auxiliar y de complemento imprescindible para el desarrollo curricular, formando parte integral de la unidad educativa. Es un laboratorio de aprendizaje y de participaci\u00f3n activa.<br \/>Organizada y atendida por bibliotecarios profesionales, brinda servicios de informaci\u00f3n, formaci\u00f3n, difusi\u00f3n, investigaci\u00f3n y comunicaci\u00f3n constantes.<\/p>\n<p>Atiende las necesidades de: alumnos, docentes, directivos, padres y dem\u00e1s miembros de la comunidad educativa, tanto del Profesorado como del Jard\u00edn de Infancia Mitre.<\/p>\n<p style=\"text-align: center;\"><span style=\"font-size: 10pt;\"><span style=\"font-family: Verdana,Arial,Helvetica,sans-serif;\"><img decoding=\"async\" loading=\"lazy\" class=\"\" src=\"https:\/\/ieseccleston-caba.infd.edu.ar\/sitio\/wp-content\/uploads\/2018\/08\/biblio1_jpg_2.jpg\" width=\"188\" height=\"141\" border=\"0\" \/>\u00a0<img decoding=\"async\" loading=\"lazy\" class=\"\" src=\"https:\/\/ieseccleston-caba.infd.edu.ar\/sitio\/wp-content\/uploads\/2018\/08\/biblio2.jpg\" width=\"218\" height=\"141\" border=\"0\" \/>\u00a0\u00a0<\/span><\/span><img decoding=\"async\" loading=\"lazy\" class=\"\" style=\"font-size: 13.3333px;\" src=\"https:\/\/ieseccleston-caba.infd.edu.ar\/sitio\/wp-content\/uploads\/2018\/08\/biblo3_jpg_1.jpg\" width=\"187\" height=\"140\" border=\"0\" \/><\/p>\n<p dir=\"ltr\">Desarrolla acciones de gesti\u00f3n de materiales bibliogr\u00e1ficos y no bibliogr\u00e1ficos en diferentes soportes, promoci\u00f3n de \u00a0la lectura, formaci\u00f3n de usuarios, alfabetizaci\u00f3n informacional para estudiantes, docentes, profesores, investigadores y personal no docente del ISPEI Sara C. de Eccleston y Jard\u00edn de Infancia Mitre como as\u00ed tambi\u00e9n para la comunidad educativa.<\/p>\n<p dir=\"ltr\">Lleva el nombre de la fundadora de la Instituci\u00f3n y su Rectora por casi 40 a\u00f1os.<\/p>\n<p style=\"text-align: center;\"><span style=\"font-size: 10pt; color: #333399; background-color: #ffffff;\"><span style=\"font-family: Verdana,Arial,Helvetica,sans-serif;\">\u00a0<\/span><\/span><\/p>\n<h3 dir=\"ltr\">Equipo de Biblioteca<\/h3>\n<p dir=\"ltr\"><span style=\"color: #000080;\"><strong>Coordinadora de Biblioteca:<\/strong><\/span><br \/>Bib. Vanina Romero<\/p>\n<p dir=\"ltr\"><strong><span style=\"color: #000080;\">Bibliotecarias:<\/span><\/strong><br \/>Bib. Elizabeth Barraza<br \/>Bib. Vilma Carou<br \/>Bib. Giselle Perrone<\/p>\n<h3 dir=\"ltr\">M\u00e1s info..<\/h3>\n<p dir=\"ltr\"><span style=\"color: #000080;\"><strong>Horario de atenci\u00f3n:<\/strong><\/span> lunes a viernes de 7:45 a 17:00 hs.<\/p>\n<p dir=\"ltr\"><strong><span style=\"color: #000080;\">Direcci\u00f3n:<\/span><\/strong> Dorrego 3751. 1er. Piso. Tel\u00e9fono 477-13762<\/p>\n<figure class=\"wp-block-table\">\n<table width=\"100%\">\n<tbody>\n<tr>\n<td width=\"12%\"><img decoding=\"async\" loading=\"lazy\" class=\"alignright\" src=\"https:\/\/cdn.pixabay.com\/photo\/2016\/06\/13\/17\/30\/mail-1454731_1280.png\" alt=\"mail\" width=\"68\" height=\"68\" \/><\/td>\n<td width=\"88%\">biblioteca.ispei.eccleston@gmail.com<\/td>\n<\/tr>\n<tr>\n<td width=\"12%\"><a href=\"https:\/\/www.facebook.com\/Biblioteca-Marina-Margarita-Ravioli-1692092274400916\/\"><img decoding=\"async\" loading=\"lazy\" class=\"alignright\" src=\"https:\/\/ieseccleston-caba.infd.edu.ar\/sitio\/wp-content\/uploads\/2021\/08\/facebook-770688_1920-500x500.png\" alt=\"Biblioteca Marina Margarita Ravioli\" width=\"55\" height=\"55\" \/><\/a><\/td>\n<td width=\"88%\"><a href=\"https:\/\/www.facebook.com\/Biblioteca-Marina-Margarita-Ravioli-1692092274400916\/\">Biblioteca Marina Margarita Ravioli<\/a><\/td>\n<\/tr>\n<tr>\n<td width=\"12%\"><a href=\"https:\/\/www.instagram.com\/bibliotecaispeieccleston\/\"><img decoding=\"async\" loading=\"lazy\" class=\"alignright\" src=\"https:\/\/ieseccleston-caba.infd.edu.ar\/sitio\/wp-content\/uploads\/2021\/08\/Instagram-e1630084545752-500x500.jpg\" alt=\"biblioteca.ispei.eccleston\" width=\"55\" height=\"55\" \/><\/a><\/td>\n<td width=\"88%\"><a href=\"https:\/\/www.instagram.com\/bibliotecaispeieccleston\/\">bibliotecaispeieccleston\u00a0<\/a><\/td>\n<\/tr>\n<tr>\n<td width=\"12%\"><a href=\"https:\/\/www.youtube.com\/channel\/UCIwg1NtlNRAW2E1U9JmatNg\"><img decoding=\"async\" loading=\"lazy\" class=\"alignright\" src=\"https:\/\/ieseccleston-caba.infd.edu.ar\/sitio\/wp-content\/uploads\/2021\/08\/youtube-2433301_1280-500x500.png\" alt=\"Biblioteca Marina Margarita Ravioli ISPEI Eccleston\" width=\"54\" height=\"54\" \/><\/a><\/td>\n<td width=\"88%\"><a href=\"https:\/\/www.youtube.com\/channel\/UCIwg1NtlNRAW2E1U9JmatNg\">Biblioteca Marina Margarita Ravioli ISPEI Eccleston\u00a0<\/a><\/td>\n<\/tr>\n<\/tbody>\n<\/table>\n<\/figure>\n\n\n<p><\/p>\n","protected":false},"excerpt":{"rendered":"<p>La Biblioteca \u201cMarina Margarita Ravioli\u201d depende del Rectorado del Instituto Superior de Profesorado de Educaci\u00f3n Inicial \u201cSara C. de Eccleston. Cuenta con un fondo bibliogr\u00e1fico, M.A.V. especializados en Educaci\u00f3n en Formaci\u00f3n Superior de Nivel Inicial.Es una Biblioteca de trabajo, que act\u00faa en forma din\u00e1mica como centro auxiliar y de complemento imprescindible para el desarrollo curricular, &#8230; <a title=\"Biblioteca\" class=\"read-more\" href=\"https:\/\/ieseccleston-caba.infd.edu.ar\/sitio\/biblioteca\/\" aria-label=\"More on Biblioteca\">[+]<\/a><\/p>\n","protected":false},"author":7,"featured_media":0,"parent":0,"menu_order":0,"comment_status":"closed","ping_status":"closed","template":"","meta":[],"acf":[],"_links":{"self":[{"href":"https:\/\/ieseccleston-caba.infd.edu.ar\/sitio\/wp-json\/wp\/v2\/pages\/978"}],"collection":[{"href":"https:\/\/ieseccleston-caba.infd.edu.ar\/sitio\/wp-json\/wp\/v2\/pages"}],"about":[{"href":"https:\/\/ieseccleston-caba.infd.edu.ar\/sitio\/wp-json\/wp\/v2\/types\/page"}],"author":[{"embeddable":true,"href":"https:\/\/ieseccleston-caba.infd.edu.ar\/sitio\/wp-json\/wp\/v2\/users\/7"}],"replies":[{"embeddable":true,"href":"https:\/\/ieseccleston-caba.infd.edu.ar\/sitio\/wp-json\/wp\/v2\/comments?post=978"}],"version-history":[{"count":19,"href":"https:\/\/ieseccleston-caba.infd.edu.ar\/sitio\/wp-json\/wp\/v2\/pages\/978\/revisions"}],"predecessor-version":[{"id":1975,"href":"https:\/\/ieseccleston-caba.infd.edu.ar\/sitio\/wp-json\/wp\/v2\/pages\/978\/revisions\/1975"}],"wp:attachment":[{"href":"https:\/\/ieseccleston-caba.infd.edu.ar\/sitio\/wp-json\/wp\/v2\/media?parent=978"}],"curies":[{"name":"wp","href":"https:\/\/api.w.org\/{rel}","templated":true}]}}