{"id":2875,"date":"2026-03-03T12:15:53","date_gmt":"2026-03-03T15:15:53","guid":{"rendered":"https:\/\/ieseccleston-caba.infd.edu.ar\/sitio\/?page_id=2875"},"modified":"2026-03-06T15:03:08","modified_gmt":"2026-03-06T18:03:08","slug":"plan-de-estudio-2026-en-adelante","status":"publish","type":"page","link":"https:\/\/ieseccleston-caba.infd.edu.ar\/sitio\/plan-de-estudio-2026-en-adelante\/","title":{"rendered":"Plan de Estudio 2026 en adelante"},"content":{"rendered":"\n<h2 class=\"wp-block-heading has-text-align-center\"><img decoding=\"async\" loading=\"lazy\" width=\"154\" height=\"143\" src=\"https:\/\/ieseccleston-caba.infd.edu.ar\/sitio\/wp-content\/uploads\/2020\/02\/plan_estudio-1000x931.jpg\" alt=\"\"><\/h2>\n\n\n\n<h2 class=\"wp-block-heading has-text-align-center\">Profesorado de Educaci\u00f3n Inicial <br>Res Nro. 2025-893-GCABA &#8211; MEGDC<\/h2>\n\n\n\n<h4 class=\"wp-block-heading has-text-align-center\">Horario de Cursada:<\/h4>\n\n\n\n<p class=\"has-text-align-center\">Turno Ma\u00f1ana: 7.45 a 12.05 hs Turno Tarde: 13.00 a 17.20 hs<\/p>\n\n\n\n<p class=\"has-text-align-center\"><strong>La Instituci\u00f3n<\/strong><strong> NO dicta clases en el turno noche&nbsp;<\/strong><\/p>\n\n\n\n<p class=\"has-text-align-center\"><strong><a rel=\"noreferrer noopener\" href=\"upload\/Plan_de_Estudios_Aprobado_DGCLEI_2015.pdf\" target=\"_blank\"><\/a>\u00a0<\/strong> <a href=\"https:\/\/ieseccleston-caba.infd.edu.ar\/sitio\/wp-content\/uploads\/2026\/03\/PCI-PEI-.pdf\" data-type=\"URL\" data-id=\"https:\/\/ieseccleston-caba.infd.edu.ar\/sitio\/wp-content\/uploads\/2026\/03\/PCI-PEI-.pdf\" target=\"_blank\" rel=\"noreferrer noopener\"> <img decoding=\"async\" loading=\"lazy\" width=\"19\" height=\"23\" border=\"0\" class=\"alignnone\" src=\"https:\/\/ieseccleston-caba.infd.edu.ar\/sitio\/wp-content\/uploads\/2018\/08\/logo_pdf.gif\" alt=\"Clic aqu\u00ed para descargar PDF\"> <strong>Versi\u00f3n en Pdf del Plan de Estudio<\/strong>s<\/a><\/p>\n\n\n\n<p><\/p>\n\n\n\n<figure class=\"wp-block-table\"><table><tbody><tr><td colspan=\"3\"><strong>Campo de la Formaci\u00f3n General (CFG)<\/strong><\/td><td class=\"has-text-align-center\" data-align=\"center\"><\/td><\/tr><tr><td><strong>Unidad Curicular<\/strong><\/td><td class=\"has-text-align-center\" data-align=\"center\">        <strong>Duraci\u00f3n<\/strong>     <\/td><td class=\"has-text-align-center\" data-align=\"center\">   <strong>Formato<\/strong>      <\/td><td class=\"has-text-align-center\" data-align=\"center\"><strong>Horas <\/strong><br><strong>C\u00e1tedra semanales<\/strong><\/td><\/tr><tr><td>PEDAGOG\u00cdA<\/td><td class=\"has-text-align-center\" data-align=\"center\">Cuatrimestral<\/td><td class=\"has-text-align-center\" data-align=\"center\">Asignatura<\/td><td class=\"has-text-align-center\" data-align=\"center\">6<\/td><\/tr><tr><td>DID\u00c1CTICA GENERAL Y PERSPECTIVAS CURRICULARES<\/td><td class=\"has-text-align-center\" data-align=\"center\">Cuatrimestral<\/td><td class=\"has-text-align-center\" data-align=\"center\">Asignatura<\/td><td class=\"has-text-align-center\" data-align=\"center\">6<\/td><\/tr><tr><td>PSICOLOG\u00cdA EDUCACIONAL<\/td><td class=\"has-text-align-center\" data-align=\"center\">Cuatrimestral<\/td><td class=\"has-text-align-center\" data-align=\"center\">Asignatura<\/td><td class=\"has-text-align-center\" data-align=\"center\">3<\/td><\/tr><tr><td>HISTORIA Y POL\u00cdTICA DE LA EDUCACI\u00d3N ARGENTINA<\/td><td class=\"has-text-align-center\" data-align=\"center\">Cuatrimestral<\/td><td class=\"has-text-align-center\" data-align=\"center\">Asignatura<\/td><td class=\"has-text-align-center\" data-align=\"center\">6<\/td><\/tr><tr><td>PROBLEM\u00c1TICAS FILOS\u00d3FICAS CONTEMPOR\u00c1NEAS<\/td><td class=\"has-text-align-center\" data-align=\"center\">Cuatrimestral<\/td><td class=\"has-text-align-center\" data-align=\"center\">Asignatura<\/td><td class=\"has-text-align-center\" data-align=\"center\">3<\/td><\/tr><tr><td>EDUCACI\u00d3N INCLUSIVA<\/td><td class=\"has-text-align-center\" data-align=\"center\">Cuatrimestral<\/td><td class=\"has-text-align-center\" data-align=\"center\">Asignatura<\/td><td class=\"has-text-align-center\" data-align=\"center\">3<\/td><\/tr><tr><td>EDUCACI\u00d3N DIGITAL<\/td><td class=\"has-text-align-center\" data-align=\"center\">Cuatrimestral<\/td><td class=\"has-text-align-center\" data-align=\"center\">Taller<\/td><td class=\"has-text-align-center\" data-align=\"center\">3<\/td><\/tr><tr><td>EDUCACI\u00d3N SEXUAL INTEGRAL<\/td><td class=\"has-text-align-center\" data-align=\"center\">Cuatrimestral<\/td><td class=\"has-text-align-center\" data-align=\"center\">Seminario<\/td><td class=\"has-text-align-center\" data-align=\"center\">3<\/td><\/tr><tr><td>LECTURA, ESCRITURA Y ORALIDAD EN LA EDUCACI\u00d3N SUPERIOR<\/td><td class=\"has-text-align-center\" data-align=\"center\">Cuatrimestral<\/td><td class=\"has-text-align-center\" data-align=\"center\">Taller<\/td><td class=\"has-text-align-center\" data-align=\"center\">3<\/td><\/tr><tr><td>INSTITUCIONES Y CLIMA ESCOLAR<\/td><td class=\"has-text-align-center\" data-align=\"center\">Cuatrimestral<\/td><td class=\"has-text-align-center\" data-align=\"center\">Asignatura<\/td><td class=\"has-text-align-center\" data-align=\"center\">3<\/td><\/tr><tr><td>OPTATIVA<\/td><td class=\"has-text-align-center\" data-align=\"center\">Cuatrimestral<\/td><td class=\"has-text-align-center\" data-align=\"center\"><\/td><td class=\"has-text-align-center\" data-align=\"center\">3<\/td><\/tr><tr><td>EDI<\/td><td class=\"has-text-align-center\" data-align=\"center\">Cuatrimestral<\/td><td class=\"has-text-align-center\" data-align=\"center\"><\/td><td class=\"has-text-align-center\" data-align=\"center\">3<\/td><\/tr><tr><td colspan=\"2\"><strong>Total de horas C\u00e1tedras + Trabajo Aut\u00f3nomo Estudiante<\/strong><\/td><td class=\"has-text-align-center\" data-align=\"center\"><\/td><td class=\"has-text-align-center\" data-align=\"center\"><strong>860<\/strong><\/td><\/tr><\/tbody><\/table><\/figure>\n\n\n\n<figure class=\"wp-block-table\"><table><tbody><tr><td colspan=\"3\"><strong>Campo de la Formaci\u00f3n Espec\u00edfica (CFE)<\/strong><\/td><td class=\"has-text-align-center\" data-align=\"center\"><\/td><\/tr><tr><td><strong>Unidades Curriculares<\/strong><\/td><td class=\"has-text-align-center\" data-align=\"center\"> <strong>Duraci\u00f3n<\/strong> <\/td><td class=\"has-text-align-center\" data-align=\"center\"> <strong>Formato<\/strong><\/td><td class=\"has-text-align-center\" data-align=\"center\"><strong>Horas <\/strong><br>C<strong>\u00e1tedra semanales<\/strong><\/td><\/tr><tr><td>DID\u00c1CTICA EN LA EDUCACI\u00d3N INICIAL<\/td><td class=\"has-text-align-center\" data-align=\"center\">Anual<\/td><td class=\"has-text-align-center\" data-align=\"center\">Asignatura<\/td><td class=\"has-text-align-center\" data-align=\"center\">6<\/td><\/tr><tr><td>SUJETOS DE LA EDUCACI\u00d3N INICIAL<\/td><td class=\"has-text-align-center\" data-align=\"center\">Anual<\/td><td class=\"has-text-align-center\" data-align=\"center\">Asignatura<\/td><td class=\"has-text-align-center\" data-align=\"center\">6<\/td><\/tr><tr><td>DESARROLLO DEL LENGUAJE<\/td><td class=\"has-text-align-center\" data-align=\"center\">Anual<\/td><td class=\"has-text-align-center\" data-align=\"center\">Asignatura<\/td><td class=\"has-text-align-center\" data-align=\"center\">6<\/td><\/tr><tr><td>ALFABETIZACI\u00d3N INICIAL<\/td><td class=\"has-text-align-center\" data-align=\"center\">Cuatrimestral<\/td><td class=\"has-text-align-center\" data-align=\"center\">Asignatura<\/td><td class=\"has-text-align-center\" data-align=\"center\">3<\/td><\/tr><tr><td>LITERATURA EN LA EDUCACI\u00d3N INICIAL<\/td><td class=\"has-text-align-center\" data-align=\"center\">Cuatrimestral<\/td><td class=\"has-text-align-center\" data-align=\"center\">Asignatura<\/td><td class=\"has-text-align-center\" data-align=\"center\">6<\/td><\/tr><tr><td>MATEM\u00c1TICA EN LA EDUCACI\u00d3N INICIAL<\/td><td class=\"has-text-align-center\" data-align=\"center\">Cuatrimestral<\/td><td class=\"has-text-align-center\" data-align=\"center\">Asignatura<\/td><td class=\"has-text-align-center\" data-align=\"center\">6<\/td><\/tr><tr><td>INDAGACI\u00d3N DEL AMBIENTE EN CIENCIAS SOCIALES<\/td><td class=\"has-text-align-center\" data-align=\"center\">Cuatrimestral<\/td><td class=\"has-text-align-center\" data-align=\"center\">Asignatura<\/td><td class=\"has-text-align-center\" data-align=\"center\">6<\/td><\/tr><tr><td>INDAGACI\u00d3N DEL AMBIENTE EN CIENCIAS NATURALES<\/td><td class=\"has-text-align-center\" data-align=\"center\">Cuatrimestral<\/td><td class=\"has-text-align-center\" data-align=\"center\">Asignatura<\/td><td class=\"has-text-align-center\" data-align=\"center\">6<\/td><\/tr><tr><td>JUEGO EN LA EDUCACI\u00d3N INICIAL<\/td><td class=\"has-text-align-center\" data-align=\"center\">Cuatrimestral<\/td><td class=\"has-text-align-center\" data-align=\"center\">Taller<\/td><td class=\"has-text-align-center\" data-align=\"center\">6<\/td><\/tr><tr><td>ARTES VISUALES EN LA EDUCACI\u00d3N INICIAL<\/td><td class=\"has-text-align-center\" data-align=\"center\">Cuatrimestral<\/td><td class=\"has-text-align-center\" data-align=\"center\">Taller<\/td><td class=\"has-text-align-center\" data-align=\"center\">6<\/td><\/tr><tr><td>EXPRESI\u00d3N CORPORAL EN LA ED. INICIAL<\/td><td class=\"has-text-align-center\" data-align=\"center\">Cuatrimestral<\/td><td class=\"has-text-align-center\" data-align=\"center\">Taller<\/td><td class=\"has-text-align-center\" data-align=\"center\">6<\/td><\/tr><tr><td>M\u00daSICA EN LA ED. INICIAL<\/td><td class=\"has-text-align-center\" data-align=\"center\">Cuatrimestral<\/td><td class=\"has-text-align-center\" data-align=\"center\">Taller<\/td><td class=\"has-text-align-center\" data-align=\"center\">6<\/td><\/tr><tr><td>PROMOCI\u00d3N DEL DESARROLLO INFANTIL SALUDABLE<\/td><td class=\"has-text-align-center\" data-align=\"center\">Cuatrimestral<\/td><td class=\"has-text-align-center\" data-align=\"center\">Asignatura<\/td><td class=\"has-text-align-center\" data-align=\"center\">3<\/td><\/tr><tr><td>MOTRICIDAD Y CORPOREIDAD<\/td><td class=\"has-text-align-center\" data-align=\"center\">Cuatrimestral<\/td><td class=\"has-text-align-center\" data-align=\"center\">Seminario<\/td><td class=\"has-text-align-center\" data-align=\"center\">3<\/td><\/tr><tr><td>EVALUACI\u00d3N EN LA EDUCACI\u00d3N INICIAL<\/td><td class=\"has-text-align-center\" data-align=\"center\">Cuatrimestral<\/td><td class=\"has-text-align-center\" data-align=\"center\">Asignatura<\/td><td class=\"has-text-align-center\" data-align=\"center\">3<\/td><\/tr><tr><td>OPTATIVA<\/td><td class=\"has-text-align-center\" data-align=\"center\">Cuatrimestral<\/td><td class=\"has-text-align-center\" data-align=\"center\"><\/td><td class=\"has-text-align-center\" data-align=\"center\">3<\/td><\/tr><tr><td>EDI<\/td><td class=\"has-text-align-center\" data-align=\"center\">Cuatrimestral<\/td><td class=\"has-text-align-center\" data-align=\"center\"><\/td><td class=\"has-text-align-center\" data-align=\"center\">6<\/td><\/tr><tr><td colspan=\"2\"><strong><strong>Total de horas C\u00e1tedras + Trabajo Aut\u00f3nomo Estudiante<\/strong><\/strong><\/td><td class=\"has-text-align-center\" data-align=\"center\"><\/td><td class=\"has-text-align-center\" data-align=\"center\"><strong>1850<\/strong><\/td><\/tr><\/tbody><\/table><\/figure>\n\n\n\n<figure class=\"wp-block-table\"><table><tbody><tr><td colspan=\"3\"><strong>Campo de la Formaci\u00f3n en la Pr\u00e1cticas Profesional (CFPP)<\/strong><\/td><td class=\"has-text-align-center\" data-align=\"center\"><\/td><\/tr><tr><td><strong>Unidades Curriculares<\/strong><\/td><td class=\"has-text-align-center\" data-align=\"center\"><strong>Duraci\u00f3n<\/strong><\/td><td class=\"has-text-align-center\" data-align=\"center\"><strong>Formato<\/strong><\/td><td class=\"has-text-align-center\" data-align=\"center\"><strong>Horas <\/strong><br><strong>C\u00e1tedra Semanales <\/strong><\/td><\/tr><tr><td>TALLER DE OBSERVACI\u00d3N I<\/td><td class=\"has-text-align-center\" data-align=\"center\">Cuatrimestral<\/td><td class=\"has-text-align-center\" data-align=\"center\">Taller<\/td><td class=\"has-text-align-center\" data-align=\"center\">3<\/td><\/tr><tr><td>TALLER DE OBSERVACI\u00d3N II<\/td><td class=\"has-text-align-center\" data-align=\"center\">Cuatrimestral<\/td><td class=\"has-text-align-center\" data-align=\"center\">Taller<\/td><td class=\"has-text-align-center\" data-align=\"center\">3<\/td><\/tr><tr><td>TALLER DE PR\u00c1CTICA I<\/td><td class=\"has-text-align-center\" data-align=\"center\">Cuatrimestral<\/td><td class=\"has-text-align-center\" data-align=\"center\">Taller<\/td><td class=\"has-text-align-center\" data-align=\"center\">3<\/td><\/tr><tr><td>TALLER DE PR\u00c1CTICA II<\/td><td class=\"has-text-align-center\" data-align=\"center\">Cuatrimestral<\/td><td class=\"has-text-align-center\" data-align=\"center\">Taller<\/td><td class=\"has-text-align-center\" data-align=\"center\">3<\/td><\/tr><tr><td>DISE\u00d1O, IMPLEMENTACI\u00d3N Y EVALUACI\u00d3N DE PROYECTOS<\/td><td class=\"has-text-align-center\" data-align=\"center\">Cuatrimestral<\/td><td class=\"has-text-align-center\" data-align=\"center\">Taller<\/td><td class=\"has-text-align-center\" data-align=\"center\">6<\/td><\/tr><tr><td>MATERIALES DID\u00c1CTICOS<\/td><td class=\"has-text-align-center\" data-align=\"center\">Cuatrimestral<\/td><td class=\"has-text-align-center\" data-align=\"center\">Taller<\/td><td class=\"has-text-align-center\" data-align=\"center\">3<\/td><\/tr><tr><td>TRABAJO Y FORMACI\u00d3N DOCENTE<\/td><td class=\"has-text-align-center\" data-align=\"center\">Cuatrimestral<\/td><td class=\"has-text-align-center\" data-align=\"center\">Asignatura<\/td><td class=\"has-text-align-center\" data-align=\"center\">3<\/td><\/tr><tr><td>RESIDENCIA EN JARD\u00cdN MATERNAL Y JARD\u00cdN DE INFANTES<\/td><td class=\"has-text-align-center\" data-align=\"center\">Cuatrimestral<\/td><td class=\"has-text-align-center\" data-align=\"center\">Residencia<\/td><td class=\"has-text-align-center\" data-align=\"center\">6<\/td><\/tr><tr><td>EDI<\/td><td class=\"has-text-align-center\" data-align=\"center\">Cuatrimestral<\/td><td class=\"has-text-align-center\" data-align=\"center\"><\/td><td class=\"has-text-align-center\" data-align=\"center\">6<\/td><\/tr><tr><td colspan=\"2\"><strong><strong><strong>Total de horas C\u00e1tedras + Trabajo Aut\u00f3nomo Estudiante<\/strong><\/strong><\/strong><\/td><td class=\"has-text-align-center\" data-align=\"center\"><\/td><td class=\"has-text-align-center\" data-align=\"center\"><strong>1190<\/strong><\/td><\/tr><\/tbody><\/table><\/figure>\n\n\n\n<figure class=\"wp-block-table\"><table><tbody><tr><td class=\"has-text-align-center\" data-align=\"center\"><strong>Campo<\/strong><\/td><td class=\"has-text-align-center\" data-align=\"center\"><strong>Total de horas<\/strong><\/td><td class=\"has-text-align-center\" data-align=\"center\"><strong>Porcentaje<\/strong><\/td><\/tr><tr><td class=\"has-text-align-center\" data-align=\"center\">Campo de la Formaci\u00f3n General<\/td><td class=\"has-text-align-center\" data-align=\"center\">860<\/td><td class=\"has-text-align-center\" data-align=\"center\">22 %<\/td><\/tr><tr><td class=\"has-text-align-center\" data-align=\"center\">Campo de la Formaci\u00f3n Espec\u00edfica<\/td><td class=\"has-text-align-center\" data-align=\"center\">1850<\/td><td class=\"has-text-align-center\" data-align=\"center\">47 %<\/td><\/tr><tr><td class=\"has-text-align-center\" data-align=\"center\">Campo de la Formaci\u00f3n de la Pr\u00e1ctica Profesional<\/td><td class=\"has-text-align-center\" data-align=\"center\">1190<\/td><td class=\"has-text-align-center\" data-align=\"center\">31 %<\/td><\/tr><tr><td class=\"has-text-align-center\" data-align=\"center\"><strong>Total<\/strong><\/td><td class=\"has-text-align-center\" data-align=\"center\"><strong>3900<\/strong><\/td><td class=\"has-text-align-center\" data-align=\"center\"><strong>100%<\/strong><\/td><\/tr><\/tbody><\/table><\/figure>\n","protected":false},"excerpt":{"rendered":"<p>Profesorado de Educaci\u00f3n Inicial Res Nro. 2025-893-GCABA &#8211; MEGDC Horario de Cursada: Turno Ma\u00f1ana: 7.45 a 12.05 hs Turno Tarde: 13.00 a 17.20 hs La Instituci\u00f3n NO dicta clases en el turno noche&nbsp; \u00a0 Versi\u00f3n en Pdf del Plan de Estudios Campo de la Formaci\u00f3n General (CFG) Unidad Curicular Duraci\u00f3n Formato Horas C\u00e1tedra semanales PEDAGOG\u00cdA &#8230; <a title=\"Plan de Estudio 2026 en adelante\" class=\"read-more\" href=\"https:\/\/ieseccleston-caba.infd.edu.ar\/sitio\/plan-de-estudio-2026-en-adelante\/\" aria-label=\"More on Plan de Estudio 2026 en adelante\">[+]<\/a><\/p>\n","protected":false},"author":3614,"featured_media":0,"parent":0,"menu_order":0,"comment_status":"closed","ping_status":"closed","template":"","meta":[],"acf":[],"_links":{"self":[{"href":"https:\/\/ieseccleston-caba.infd.edu.ar\/sitio\/wp-json\/wp\/v2\/pages\/2875"}],"collection":[{"href":"https:\/\/ieseccleston-caba.infd.edu.ar\/sitio\/wp-json\/wp\/v2\/pages"}],"about":[{"href":"https:\/\/ieseccleston-caba.infd.edu.ar\/sitio\/wp-json\/wp\/v2\/types\/page"}],"author":[{"embeddable":true,"href":"https:\/\/ieseccleston-caba.infd.edu.ar\/sitio\/wp-json\/wp\/v2\/users\/3614"}],"replies":[{"embeddable":true,"href":"https:\/\/ieseccleston-caba.infd.edu.ar\/sitio\/wp-json\/wp\/v2\/comments?post=2875"}],"version-history":[{"count":11,"href":"https:\/\/ieseccleston-caba.infd.edu.ar\/sitio\/wp-json\/wp\/v2\/pages\/2875\/revisions"}],"predecessor-version":[{"id":2895,"href":"https:\/\/ieseccleston-caba.infd.edu.ar\/sitio\/wp-json\/wp\/v2\/pages\/2875\/revisions\/2895"}],"wp:attachment":[{"href":"https:\/\/ieseccleston-caba.infd.edu.ar\/sitio\/wp-json\/wp\/v2\/media?parent=2875"}],"curies":[{"name":"wp","href":"https:\/\/api.w.org\/{rel}","templated":true}]}}