{"id":286,"date":"2016-10-31T13:17:59","date_gmt":"2016-10-31T16:17:59","guid":{"rendered":"https:\/\/ieseccleston-caba.infd.edu.ar\/sitio\/?page_id=286"},"modified":"2025-07-14T10:56:35","modified_gmt":"2025-07-14T13:56:35","slug":"inicio","status":"publish","type":"page","link":"https:\/\/ieseccleston-caba.infd.edu.ar\/sitio\/","title":{"rendered":"Inicio"},"content":{"rendered":"\n<figure class=\"wp-block-image alignfull size-full\"><img decoding=\"async\" loading=\"lazy\" width=\"910\" height=\"382\" src=\"https:\/\/ieseccleston-caba.infd.edu.ar\/sitio\/wp-content\/uploads\/2025\/07\/banner_principal.png\" alt=\"\" class=\"wp-image-2785\" srcset=\"https:\/\/ieseccleston-caba.infd.edu.ar\/sitio\/wp-content\/uploads\/2025\/07\/banner_principal.png 910w, https:\/\/ieseccleston-caba.infd.edu.ar\/sitio\/wp-content\/uploads\/2025\/07\/banner_principal-768x322.png 768w\" sizes=\"(max-width: 910px) 100vw, 910px\" \/><\/figure>\n\n\n\n<hr class=\"wp-block-separator has-alpha-channel-opacity is-style-dots\"\/>\n\n\n\n<h2 class=\"wp-block-heading\">Novedades<\/h2>\n\n\n\n<div class=\"alignwide\"><div id=\"metaslider-id-2747\" style=\"width: 100%;\" class=\"ml-slider-3-33-0 metaslider metaslider-nivo metaslider-2747 ml-slider ms-theme-default\" role=\"region\" aria-roledescription=\"Slideshow\" aria-label=\"Slideshow\">\n    <div id=\"metaslider_container_2747\">\n        <div class='slider-wrapper theme-default'><div class='ribbon'><\/div><div id='metaslider_2747' class='nivoSlider'><a href=\"https:\/\/ieseccleston-caba.infd.edu.ar\/sitio\/ingreso-a-la-carrera\/\" target=\"_blank\"><img src=\"https:\/\/ieseccleston-caba.infd.edu.ar\/sitio\/wp-content\/uploads\/2025\/07\/2.png\" height=\"382\" width=\"910\" title=\"2\" alt=\"\" class=\"slider-2747 slide-2753\" \/><\/a><a href=\"https:\/\/guarani-autogestionfdocente.bue.edu.ar\/\" target=\"_self\"><img src=\"https:\/\/ieseccleston-caba.infd.edu.ar\/sitio\/wp-content\/uploads\/2026\/03\/acceso_siu.jpg\" height=\"382\" width=\"910\" title=\"acceso_siu\" alt=\"\" class=\"slider-2747 slide-2892\" \/><\/a><a href=\"https:\/\/ieseccleston-caba.infd.edu.ar\/sitio\/numeros-publicados\/\" target=\"_blank\"><img src=\"https:\/\/ieseccleston-caba.infd.edu.ar\/sitio\/wp-content\/uploads\/2026\/03\/revista_ultima.jpg\" height=\"382\" width=\"910\" title=\"revista_ultima\" alt=\"\" class=\"slider-2747 slide-2754\" \/><\/a><a href=\"https:\/\/ieseccleston-caba.infd.edu.ar\/sitio\/libro-voces-de-un-viaje-por-taller-5\/\" target=\"_blank\"><img src=\"https:\/\/ieseccleston-caba.infd.edu.ar\/sitio\/wp-content\/uploads\/2025\/07\/4_2.png\" height=\"382\" width=\"910\" title=\"4_2\" alt=\"\" class=\"slider-2747 slide-2755\" \/><\/a><a href=\"https:\/\/24b23d1f-d33e-42d9-a516-fac6a1d09db6.filesusr.com\/ugd\/a3ba59_d45ee0623af4423fa9e7442824150d94.pdf\" target=\"_self\"><img src=\"https:\/\/ieseccleston-caba.infd.edu.ar\/sitio\/wp-content\/uploads\/2025\/07\/5.png\" height=\"382\" width=\"910\" title=\"5\" alt=\"\" class=\"slider-2747 slide-2761\" \/><\/a><\/div><\/div>\n        \n    <\/div>\n<\/div><\/div>\n\n\n<table width=\"100%\">\n<tbody>\n<tr>\n<td style=\"text-align: center;\" width=\"100%\">\n<p><img decoding=\"async\" loading=\"lazy\" src=\"https:\/\/ieseccleston-caba.infd.edu.ar\/sitio\/wp-content\/uploads\/2025\/04\/Captura-de-pantalla-2025-04-15-135111.png\" alt=\"\" width=\"266\" height=\"188\"><a href=\"https:\/\/www.instagram.com\/ispei.eccleston\/\"><img decoding=\"async\" loading=\"lazy\" src=\"https:\/\/ieseccleston-caba.infd.edu.ar\/sitio\/wp-content\/uploads\/2025\/04\/Captura-de-pantalla-2025-04-15-135124-e1744737757516.png\" alt=\"\" width=\"278\" height=\"170\"><\/a><\/p>\n<hr>\n<h6 style=\"text-align: center;\">El Instituto Superior del Profesorado de Educaci\u00f3n Inicial \u00abSara C. de Eccleston\u00bb es un Instituto de Formaci\u00f3n Docente de Nivel Superior de Gesti\u00f3n Estatal, que otorga el T\u00edtulo de Profesor\/a de Educaci\u00f3n Inicial con validez nacional.&nbsp;<\/h6>\n<p><span style=\"color: #333333;\">Av. Dorrego 3751 (1425) Ciudad Aut\u00f3noma de Buenos Aires &#8211; Rep\u00fablica Argentina <\/span><br><span style=\"color: #333333;\">(011) 4774-1463 (Bedel\u00eda)&nbsp; ispei_bedelia@bue.edu.ar&nbsp;<\/span><\/p>\n<\/td>\n<\/tr>\n<\/tbody>\n<\/table>","protected":false},"excerpt":{"rendered":"<p>Novedades El Instituto Superior del Profesorado de Educaci\u00f3n Inicial \u00abSara C. de Eccleston\u00bb es un Instituto de Formaci\u00f3n Docente de Nivel Superior de Gesti\u00f3n Estatal, que otorga el T\u00edtulo de Profesor\/a de Educaci\u00f3n Inicial con validez nacional.&nbsp; Av. Dorrego 3751 (1425) Ciudad Aut\u00f3noma de Buenos Aires &#8211; Rep\u00fablica Argentina (011) 4774-1463 (Bedel\u00eda)&nbsp; ispei_bedelia@bue.edu.ar&nbsp;<\/p>\n","protected":false},"author":3614,"featured_media":0,"parent":0,"menu_order":-1,"comment_status":"closed","ping_status":"closed","template":"","meta":[],"acf":[],"_links":{"self":[{"href":"https:\/\/ieseccleston-caba.infd.edu.ar\/sitio\/wp-json\/wp\/v2\/pages\/286"}],"collection":[{"href":"https:\/\/ieseccleston-caba.infd.edu.ar\/sitio\/wp-json\/wp\/v2\/pages"}],"about":[{"href":"https:\/\/ieseccleston-caba.infd.edu.ar\/sitio\/wp-json\/wp\/v2\/types\/page"}],"author":[{"embeddable":true,"href":"https:\/\/ieseccleston-caba.infd.edu.ar\/sitio\/wp-json\/wp\/v2\/users\/3614"}],"replies":[{"embeddable":true,"href":"https:\/\/ieseccleston-caba.infd.edu.ar\/sitio\/wp-json\/wp\/v2\/comments?post=286"}],"version-history":[{"count":299,"href":"https:\/\/ieseccleston-caba.infd.edu.ar\/sitio\/wp-json\/wp\/v2\/pages\/286\/revisions"}],"predecessor-version":[{"id":2786,"href":"https:\/\/ieseccleston-caba.infd.edu.ar\/sitio\/wp-json\/wp\/v2\/pages\/286\/revisions\/2786"}],"wp:attachment":[{"href":"https:\/\/ieseccleston-caba.infd.edu.ar\/sitio\/wp-json\/wp\/v2\/media?parent=286"}],"curies":[{"name":"wp","href":"https:\/\/api.w.org\/{rel}","templated":true}]}}