{"id":2570,"date":"2025-03-13T17:59:55","date_gmt":"2025-03-13T20:59:55","guid":{"rendered":"https:\/\/ieseccleston-caba.infd.edu.ar\/sitio\/?page_id=2570"},"modified":"2026-03-30T14:44:31","modified_gmt":"2026-03-30T17:44:31","slug":"cooperadora","status":"publish","type":"page","link":"https:\/\/ieseccleston-caba.infd.edu.ar\/sitio\/cooperadora\/","title":{"rendered":"Cooperadora"},"content":{"rendered":"\n<p>Fecha samblea anual ordinaria&nbsp;para definir las autoridades de la cooperadora, los montos de bonos contribuci\u00f3n y los cuadros comparativos y balances del a\u00f1o 2025. Tambi\u00e9n se definir\u00e1 el Plan anual Institucional (PAI) donde se plantean todas las necesidades que se podr\u00e1n adquirir durante el ciclo lectivo 2026<\/p>\n\n\n\n<p><mark style=\"background-color:rgba(0, 0, 0, 0)\" class=\"has-inline-color has-contrast-color\">Mi\u00e9rcoles 8 de abril a las 8.30 hs en el hall de entrada del instituto en PB. <\/mark><\/p>\n\n\n\n<ul>\n<li>Lectura del PAI 8.30 hs<\/li>\n\n\n\n<li>Asamblea General Ordinaria: 9.00 hs.<\/li>\n<\/ul>\n\n\n\n<p><\/p>\n\n\n\n<div class=\"wp-block-file\"><object class=\"wp-block-file__embed\" data=\"https:\/\/ieseccleston-caba.infd.edu.ar\/sitio\/wp-content\/uploads\/2026\/03\/convocatoria-asamblea-y-PAI-1-2026.pdf\" type=\"application\/pdf\" style=\"width:100%;height:600px\" aria-label=\"Incrustado de Convocatoria a asamblea general y Lectura PAI.\"><\/object><a id=\"wp-block-file--media-f0dd83e5-81f4-4ef9-8f54-07f086735a9a\" href=\"https:\/\/ieseccleston-caba.infd.edu.ar\/sitio\/wp-content\/uploads\/2026\/03\/convocatoria-asamblea-y-PAI-1-2026.pdf\">Convocatoria a asamblea general y Lectura PAI<\/a><a href=\"https:\/\/ieseccleston-caba.infd.edu.ar\/sitio\/wp-content\/uploads\/2026\/03\/convocatoria-asamblea-y-PAI-1-2026.pdf\" class=\"wp-block-file__button wp-element-button\" download aria-describedby=\"wp-block-file--media-f0dd83e5-81f4-4ef9-8f54-07f086735a9a\">Descarga<\/a><\/div>\n","protected":false},"excerpt":{"rendered":"<p>Fecha samblea anual ordinaria&nbsp;para definir las autoridades de la cooperadora, los montos de bonos contribuci\u00f3n y los cuadros comparativos y balances del a\u00f1o 2025. Tambi\u00e9n se definir\u00e1 el Plan anual Institucional (PAI) donde se plantean todas las necesidades que se podr\u00e1n adquirir durante el ciclo lectivo 2026 Mi\u00e9rcoles 8 de abril a las 8.30 hs &#8230; <a title=\"Cooperadora\" class=\"read-more\" href=\"https:\/\/ieseccleston-caba.infd.edu.ar\/sitio\/cooperadora\/\" aria-label=\"More on Cooperadora\">[+]<\/a><\/p>\n","protected":false},"author":3614,"featured_media":0,"parent":0,"menu_order":0,"comment_status":"closed","ping_status":"closed","template":"","meta":[],"acf":[],"_links":{"self":[{"href":"https:\/\/ieseccleston-caba.infd.edu.ar\/sitio\/wp-json\/wp\/v2\/pages\/2570"}],"collection":[{"href":"https:\/\/ieseccleston-caba.infd.edu.ar\/sitio\/wp-json\/wp\/v2\/pages"}],"about":[{"href":"https:\/\/ieseccleston-caba.infd.edu.ar\/sitio\/wp-json\/wp\/v2\/types\/page"}],"author":[{"embeddable":true,"href":"https:\/\/ieseccleston-caba.infd.edu.ar\/sitio\/wp-json\/wp\/v2\/users\/3614"}],"replies":[{"embeddable":true,"href":"https:\/\/ieseccleston-caba.infd.edu.ar\/sitio\/wp-json\/wp\/v2\/comments?post=2570"}],"version-history":[{"count":5,"href":"https:\/\/ieseccleston-caba.infd.edu.ar\/sitio\/wp-json\/wp\/v2\/pages\/2570\/revisions"}],"predecessor-version":[{"id":2905,"href":"https:\/\/ieseccleston-caba.infd.edu.ar\/sitio\/wp-json\/wp\/v2\/pages\/2570\/revisions\/2905"}],"wp:attachment":[{"href":"https:\/\/ieseccleston-caba.infd.edu.ar\/sitio\/wp-json\/wp\/v2\/media?parent=2570"}],"curies":[{"name":"wp","href":"https:\/\/api.w.org\/{rel}","templated":true}]}}