{"id":1710,"date":"2021-03-02T09:05:35","date_gmt":"2021-03-02T12:05:35","guid":{"rendered":"https:\/\/ieseccleston-caba.infd.edu.ar\/sitio\/?page_id=1710"},"modified":"2026-02-27T14:59:09","modified_gmt":"2026-02-27T17:59:09","slug":"tramites","status":"publish","type":"page","link":"https:\/\/ieseccleston-caba.infd.edu.ar\/sitio\/tramites\/","title":{"rendered":"Tr\u00e1mites"},"content":{"rendered":"<h5><span style=\"color: #993366;\">Anal\u00edticos parciales.\u00a0<\/span><br \/>Se solicitan a trav\u00e9s del mail <a href=\"mailto:ispei.tramitealumnos@bue.edu.ar\">ispei.tramitealumnos@bue.edu.ar<\/a><\/h5>\n<p>Es condici\u00f3n necesaria adjuntar la documentaci\u00f3n (escaneada en forma legible) para dar inicio al tr\u00e1mite:<\/p>\n<ul>\n<li>Nota de solicitud de la instituci\u00f3n que lo requiere.<\/li>\n<li>DNI, frente y dorso<\/li>\n<li>Partida de nacimiento.<\/li>\n<\/ul>\n<h5><b><br \/><span style=\"color: #993366;\">Pases de otra Instituci\u00f3n hacia el ISPEI<\/span><\/b><b> <br \/>Solo de profesorados de gesti\u00f3n estatal CABA-<\/b>:<\/h5>\n<ul>\n<li aria-level=\"1\">Traer la autorizaci\u00f3n de pase.<\/li>\n<li aria-level=\"1\">Solicitar una constancia de reserva de vacante en nuestra Instituci\u00f3n.<\/li>\n<li aria-level=\"1\">Traer documentaci\u00f3n: t\u00edtulo secundario, DNI, partida de nacimiento, ficha acad\u00e9mica.<br \/><br \/><\/li>\n<\/ul>\n<h5><span style=\"color: #993366;\"><b>Pases a otra instituci\u00f3n<\/b><\/span><b> <br \/>Solo en profesorados de gesti\u00f3n estatal CABA<\/b><\/h5>\n<ul>\n<li>Se\u00a0solicitan a trav\u00e9s del mail\u00a0<a href=\"mailto:ispei.tramitealumnos@bue.edu.ar\">ispei.tramitealumnos@bue.edu.ar<\/a><br \/><br \/><\/li>\n<\/ul>\n<h5><span style=\"color: #993366;\"><b>Anal\u00edticos Finales. <br \/><\/b><\/span>(ex-certificado de materias aprobadas) para quienes hayan egresado con anterioridad al a\u00f1o 2008:<\/h5>\n<ul>\n<li>A trav\u00e9s de BA COLABORATIVA: <a href=\"https:\/\/bacolaborativa.buenosaires.gob.ar\/confirmacion\/1698433537224\">https:\/\/bacolaborativa.buenosaires.gob.ar\/confirmacion\/1698433537224<\/a><\/li>\n<li>Una vez cargado, el anal\u00edtico se validar\u00e1, legalizar\u00e1 y el \u00e1rea de t\u00edtulos se lo enviar\u00e1 al egresado mediante el mismo sistema por el cual ingreso la solicitud.<\/li>\n<\/ul>\n<h5><br \/><span style=\"color: #993366;\"><b>Duplicados de t\u00edtulos<\/b><\/span> <br \/>(nueva emisi\u00f3n de t\u00edtulo por robo, extravi\u00f3, deterioro u otros motivos que justifiquen su reemplazo):<\/h5>\n<ul>\n<li>Una vez cargado, el titulo se validar\u00e1, legalizar\u00e1 y el \u00e1rea de t\u00edtulos se lo enviar\u00e1 al egresado mediante el mismo sistema por el cual ingreso la solicitud.<\/li>\n<li>Por \u00faltimo, se aclara que este proceso es solo para aquellos alumnos que hayan egresado con anterioridad al t\u00edtulo digital y soliciten un nuevo ejemplar.<\/li>\n<\/ul>\n<h5><span style=\"color: #993366;\"><strong data-rich-text-format-boundary=\"true\"><br \/>Otros tr\u00e1mites<\/strong><\/span><\/h5>\n<p>Los siguientes tr\u00e1mites se solicitan a trav\u00e9s del mail\u00a0\u00a0<a href=\"mailto:ispei_prosecretaria@bue.edu.ar\" target=\"_blank\" rel=\"noreferrer noopener\">ispei_prosecretaria@bue.edu.ar<\/a><\/p>\n<ul>\n<li>Pedido de Equivalencias<\/li>\n<li>Programas legalizados para presentar ante otras instituciones<br \/><br \/><\/li>\n<\/ul>\n<blockquote>\n<p>La fecha de inicio del tr\u00e1mite se tomar\u00e1 a partir de la confirmaci\u00f3n del mail por parte de bedel\u00eda \/ secretar\u00eda<\/p>\n<\/blockquote>\n<p><!-- \/wp:list-item --><\/p>\n\n<!-- wp:paragraph -->\n<p><\/p>\n<!-- \/wp:paragraph -->","protected":false},"excerpt":{"rendered":"<p>Anal\u00edticos parciales.\u00a0Se solicitan a trav\u00e9s del mail ispei.tramitealumnos@bue.edu.ar Es condici\u00f3n necesaria adjuntar la documentaci\u00f3n (escaneada en forma legible) para dar inicio al tr\u00e1mite: Nota de solicitud de la instituci\u00f3n que lo requiere. DNI, frente y dorso Partida de nacimiento. Pases de otra Instituci\u00f3n hacia el ISPEI Solo de profesorados de gesti\u00f3n estatal CABA-: Traer la &#8230; <a title=\"Tr\u00e1mites\" class=\"read-more\" href=\"https:\/\/ieseccleston-caba.infd.edu.ar\/sitio\/tramites\/\" aria-label=\"More on Tr\u00e1mites\">[+]<\/a><\/p>\n","protected":false},"author":3580,"featured_media":0,"parent":0,"menu_order":0,"comment_status":"closed","ping_status":"closed","template":"","meta":[],"acf":[],"_links":{"self":[{"href":"https:\/\/ieseccleston-caba.infd.edu.ar\/sitio\/wp-json\/wp\/v2\/pages\/1710"}],"collection":[{"href":"https:\/\/ieseccleston-caba.infd.edu.ar\/sitio\/wp-json\/wp\/v2\/pages"}],"about":[{"href":"https:\/\/ieseccleston-caba.infd.edu.ar\/sitio\/wp-json\/wp\/v2\/types\/page"}],"author":[{"embeddable":true,"href":"https:\/\/ieseccleston-caba.infd.edu.ar\/sitio\/wp-json\/wp\/v2\/users\/3580"}],"replies":[{"embeddable":true,"href":"https:\/\/ieseccleston-caba.infd.edu.ar\/sitio\/wp-json\/wp\/v2\/comments?post=1710"}],"version-history":[{"count":14,"href":"https:\/\/ieseccleston-caba.infd.edu.ar\/sitio\/wp-json\/wp\/v2\/pages\/1710\/revisions"}],"predecessor-version":[{"id":2871,"href":"https:\/\/ieseccleston-caba.infd.edu.ar\/sitio\/wp-json\/wp\/v2\/pages\/1710\/revisions\/2871"}],"wp:attachment":[{"href":"https:\/\/ieseccleston-caba.infd.edu.ar\/sitio\/wp-json\/wp\/v2\/media?parent=1710"}],"curies":[{"name":"wp","href":"https:\/\/api.w.org\/{rel}","templated":true}]}}