{"id":1363,"date":"2019-05-13T12:35:05","date_gmt":"2019-05-13T15:35:05","guid":{"rendered":"https:\/\/ieseccleston-caba.infd.edu.ar\/sitio\/?page_id=1363"},"modified":"2022-11-01T14:56:51","modified_gmt":"2022-11-01T17:56:51","slug":"construyendo-memoria-en-el-ispei","status":"publish","type":"page","link":"https:\/\/ieseccleston-caba.infd.edu.ar\/sitio\/construyendo-memoria-en-el-ispei\/","title":{"rendered":"Proyecto de Investigaci\u00f3n: Construyendo memoria en el ISPEI Sara C. de Eccleston"},"content":{"rendered":"<blockquote><p><em>Desde el ISPEI Sara Chamberlain de Eccleston se promueve la formaci\u00f3n de un sujeto \u00e9tico- pol\u00edtico comprometido con las problem\u00e1ticas actuales y con los derechos humanos, en especial, con los de la infancia.<\/em>.<\/p><\/blockquote>\n<p>Nos propusimos indagar sobre nuestro pasado reciente ya que entendemos que existe una relaci\u00f3n estrecha entre la construcci\u00f3n de la memoria y la educaci\u00f3n.<\/p>\n<p>Intentamos reconstruir la experiencia de las estudiantes y profesores\/as que han transitado los pasillos del Eccleston en \u00e9poca de la \u00faltima dictadura c\u00edvico-militar.<\/p>\n<p>Consideramos este acto como una importante acci\u00f3n de formaci\u00f3n de los y las actuales estudiantes y futuros\/as docentes, al ponerlos en contacto con la memoria de quienes los precedieron, generando actos de trasmisi\u00f3n.<\/p>\n<p>Este proyecto responde a la necesidad de conocer, preservar, organizar \u00a0y difundir el patrimonio hist\u00f3rico educativo del profesorado.<\/p>\n<hr \/>\n<div>\n<h4 style=\"text-align: center;\">Informe Final de Investigaci\u00f3n<\/h4>\n<\/div>\n<p style=\"text-align: center;\"><a href=\"https:\/\/ieseccleston-caba.infd.edu.ar\/sitio\/wp-content\/uploads\/2019\/05\/Memoria-en-el-Eccleston.pdf\" target=\"_blank\" rel=\"noopener\"><img decoding=\"async\" loading=\"lazy\" class=\"wp-image-1364 aligncenter\" src=\"https:\/\/ieseccleston-caba.infd.edu.ar\/sitio\/wp-content\/uploads\/2019\/05\/ProyectoInvestigacion.jpg\" alt=\"\" width=\"267\" height=\"320\" \/><\/a><\/p>\n<p style=\"text-align: center;\"><span style=\"color: #800000;\"><a style=\"color: #800000;\" href=\"https:\/\/ieseccleston-caba.infd.edu.ar\/sitio\/wp-content\/uploads\/2019\/05\/Memoria-en-el-Eccleston.pdf\">Para descargar PDF hacer clic aqu\u00ed o en la imagen<\/a><\/span><\/p>\n<div>\n<h4 style=\"text-align: center;\">Anexo de investigaci\u00f3n<\/h4>\n<\/div>\n<p style=\"text-align: center;\"><span style=\"color: #800000;\"><a style=\"color: #800000;\" href=\"https:\/\/ieseccleston-caba.infd.edu.ar\/sitio\/wp-content\/uploads\/2022\/11\/DOC-20220824-WA0053.docx.pdf\">Para descargar PDF hacer clic aqu\u00ed<\/a><\/span><\/p>\n","protected":false},"excerpt":{"rendered":"<p>Desde el ISPEI Sara Chamberlain de Eccleston se promueve la formaci\u00f3n de un sujeto \u00e9tico- pol\u00edtico comprometido con las problem\u00e1ticas actuales y con los derechos humanos, en especial, con los de la infancia.. Nos propusimos indagar sobre nuestro pasado reciente ya que entendemos que existe una relaci\u00f3n estrecha entre la construcci\u00f3n de la memoria y &#8230; <a title=\"Proyecto de Investigaci\u00f3n: Construyendo memoria en el ISPEI Sara C. de Eccleston\" class=\"read-more\" href=\"https:\/\/ieseccleston-caba.infd.edu.ar\/sitio\/construyendo-memoria-en-el-ispei\/\" aria-label=\"More on Proyecto de Investigaci\u00f3n: Construyendo memoria en el ISPEI Sara C. de Eccleston\">[+]<\/a><\/p>\n","protected":false},"author":3614,"featured_media":0,"parent":0,"menu_order":0,"comment_status":"closed","ping_status":"closed","template":"","meta":[],"acf":[],"_links":{"self":[{"href":"https:\/\/ieseccleston-caba.infd.edu.ar\/sitio\/wp-json\/wp\/v2\/pages\/1363"}],"collection":[{"href":"https:\/\/ieseccleston-caba.infd.edu.ar\/sitio\/wp-json\/wp\/v2\/pages"}],"about":[{"href":"https:\/\/ieseccleston-caba.infd.edu.ar\/sitio\/wp-json\/wp\/v2\/types\/page"}],"author":[{"embeddable":true,"href":"https:\/\/ieseccleston-caba.infd.edu.ar\/sitio\/wp-json\/wp\/v2\/users\/3614"}],"replies":[{"embeddable":true,"href":"https:\/\/ieseccleston-caba.infd.edu.ar\/sitio\/wp-json\/wp\/v2\/comments?post=1363"}],"version-history":[{"count":8,"href":"https:\/\/ieseccleston-caba.infd.edu.ar\/sitio\/wp-json\/wp\/v2\/pages\/1363\/revisions"}],"predecessor-version":[{"id":2049,"href":"https:\/\/ieseccleston-caba.infd.edu.ar\/sitio\/wp-json\/wp\/v2\/pages\/1363\/revisions\/2049"}],"wp:attachment":[{"href":"https:\/\/ieseccleston-caba.infd.edu.ar\/sitio\/wp-json\/wp\/v2\/media?parent=1363"}],"curies":[{"name":"wp","href":"https:\/\/api.w.org\/{rel}","templated":true}]}}