{"id":1132,"date":"2018-08-29T14:33:25","date_gmt":"2018-08-29T17:33:25","guid":{"rendered":"https:\/\/ieseccleston-caba.infd.edu.ar\/sitio\/biblioteca-virtual\/"},"modified":"2021-08-30T10:25:29","modified_gmt":"2021-08-30T13:25:29","slug":"biblioteca-virtual","status":"publish","type":"page","link":"https:\/\/ieseccleston-caba.infd.edu.ar\/sitio\/biblioteca-virtual\/","title":{"rendered":"Biblioteca Virtual"},"content":{"rendered":"\n<p><\/p>\n\n\n\n<pre class=\"wp-block-verse\"><strong>Se ingresa a trav\u00e9s del campus institucional con nombre de usuario y contrase\u00f1a.<\/strong><\/pre>\n\n\n\n<div class=\"wp-block-image\"><figure class=\"aligncenter size-large is-resized\"><img decoding=\"async\" loading=\"lazy\" src=\"https:\/\/ieseccleston-caba.infd.edu.ar\/sitio\/wp-content\/uploads\/2021\/08\/campus1-e1630091384902.jpg\" alt=\"\" class=\"wp-image-1820\" width=\"836\" height=\"352\" srcset=\"https:\/\/ieseccleston-caba.infd.edu.ar\/sitio\/wp-content\/uploads\/2021\/08\/campus1-e1630091384902.jpg 1346w, https:\/\/ieseccleston-caba.infd.edu.ar\/sitio\/wp-content\/uploads\/2021\/08\/campus1-e1630091384902-1000x421.jpg 1000w, https:\/\/ieseccleston-caba.infd.edu.ar\/sitio\/wp-content\/uploads\/2021\/08\/campus1-e1630091384902-768x324.jpg 768w\" sizes=\"(max-width: 836px) 100vw, 836px\" \/><figcaption><a href=\"https:\/\/ieseccleston-caba.infd.edu.ar\/sitio\/biblioteca-virtual\/campus1\" target=\"_blank\" rel=\"noreferrer noopener\">https:\/\/ieseccleston-caba.infd.edu.ar\/sitio\/biblioteca-virtual\/campus1<\/a>\/<\/figcaption><\/figure><\/div>\n\n\n<h3>M\u00e1s info ..<\/h3>\n<figure class=\"wp-block-table\">\n<table width=\"100%\">\n<tbody>\n<tr>\n<td width=\"12%\"><a href=\"https:\/\/www.facebook.com\/Biblioteca-Marina-Margarita-Ravioli-1692092274400916\/\"><img decoding=\"async\" loading=\"lazy\" class=\"alignright\" src=\"https:\/\/ieseccleston-caba.infd.edu.ar\/sitio\/wp-content\/uploads\/2021\/08\/facebook-770688_1920-500x500.png\" alt=\"Biblioteca Marina Margarita Ravioli\" width=\"55\" height=\"55\" \/><\/a><\/td>\n<td width=\"88%\"><a href=\"https:\/\/www.facebook.com\/Biblioteca-Marina-Margarita-Ravioli-1692092274400916\/\">Biblioteca Marina Margarita Ravioli<\/a><\/td>\n<\/tr>\n<tr>\n<td width=\"12%\"><a href=\"https:\/\/www.instagram.com\/bibliotecaispeieccleston\/\"><img decoding=\"async\" loading=\"lazy\" class=\"alignright\" src=\"https:\/\/ieseccleston-caba.infd.edu.ar\/sitio\/wp-content\/uploads\/2021\/08\/Instagram-e1630084545752-500x500.jpg\" alt=\"biblioteca.ispei.eccleston\" width=\"55\" height=\"55\" \/><\/a><\/td>\n<td width=\"88%\"><a href=\"https:\/\/www.instagram.com\/bibliotecaispeieccleston\/\">bibliotecaispeieccleston\u00a0<\/a><\/td>\n<\/tr>\n<tr>\n<td width=\"12%\"><a href=\"https:\/\/www.youtube.com\/channel\/UCIwg1NtlNRAW2E1U9JmatNg\"><img decoding=\"async\" loading=\"lazy\" class=\"alignright\" src=\"https:\/\/ieseccleston-caba.infd.edu.ar\/sitio\/wp-content\/uploads\/2021\/08\/youtube-2433301_1280-500x500.png\" alt=\"Biblioteca Marina Margarita Ravioli ISPEI Eccleston\" width=\"54\" height=\"54\" \/><\/a><\/td>\n<td width=\"88%\"><a href=\"https:\/\/www.youtube.com\/channel\/UCIwg1NtlNRAW2E1U9JmatNg\">Biblioteca Marina Margarita Ravioli ISPEI Eccleston\u00a0<\/a><\/td>\n<\/tr>\n<\/tbody>\n<\/table>\n<\/figure>\n\n\n<p><\/p>\n","protected":false},"excerpt":{"rendered":"<p>Se ingresa a trav\u00e9s del campus institucional con nombre de usuario y contrase\u00f1a. M\u00e1s info .. Biblioteca Marina Margarita Ravioli bibliotecaispeieccleston\u00a0 Biblioteca Marina Margarita Ravioli ISPEI Eccleston\u00a0<\/p>\n","protected":false},"author":7,"featured_media":0,"parent":0,"menu_order":0,"comment_status":"closed","ping_status":"closed","template":"","meta":[],"acf":[],"_links":{"self":[{"href":"https:\/\/ieseccleston-caba.infd.edu.ar\/sitio\/wp-json\/wp\/v2\/pages\/1132"}],"collection":[{"href":"https:\/\/ieseccleston-caba.infd.edu.ar\/sitio\/wp-json\/wp\/v2\/pages"}],"about":[{"href":"https:\/\/ieseccleston-caba.infd.edu.ar\/sitio\/wp-json\/wp\/v2\/types\/page"}],"author":[{"embeddable":true,"href":"https:\/\/ieseccleston-caba.infd.edu.ar\/sitio\/wp-json\/wp\/v2\/users\/7"}],"replies":[{"embeddable":true,"href":"https:\/\/ieseccleston-caba.infd.edu.ar\/sitio\/wp-json\/wp\/v2\/comments?post=1132"}],"version-history":[{"count":7,"href":"https:\/\/ieseccleston-caba.infd.edu.ar\/sitio\/wp-json\/wp\/v2\/pages\/1132\/revisions"}],"predecessor-version":[{"id":1848,"href":"https:\/\/ieseccleston-caba.infd.edu.ar\/sitio\/wp-json\/wp\/v2\/pages\/1132\/revisions\/1848"}],"wp:attachment":[{"href":"https:\/\/ieseccleston-caba.infd.edu.ar\/sitio\/wp-json\/wp\/v2\/media?parent=1132"}],"curies":[{"name":"wp","href":"https:\/\/api.w.org\/{rel}","templated":true}]}}