{"id":1130,"date":"2018-08-29T14:33:24","date_gmt":"2018-08-29T17:33:24","guid":{"rendered":"https:\/\/ieseccleston-caba.infd.edu.ar\/sitio\/preguntas-frecuentes\/"},"modified":"2022-03-29T12:18:18","modified_gmt":"2022-03-29T15:18:18","slug":"preguntas-frecuentes","status":"publish","type":"page","link":"https:\/\/ieseccleston-caba.infd.edu.ar\/sitio\/preguntas-frecuentes\/","title":{"rendered":"Preguntas Frecuentes"},"content":{"rendered":"<h5><strong>\u00bfC\u00f3mo me hago socio?<\/strong><\/h5>\n<p dir=\"ltr\">Para ser socio, es necesario ser alumno regular del instituto. Se solicita el carnet en Secretar\u00eda de Rectorado. Se pega la foto. Se presenta en Biblioteca para que se le asigne el n\u00famero de socio. Para m\u00e1s informaci\u00f3n clic aqu\u00ed.<\/p>\n<h5>\u00bfPuedo consultar libros en sala sin el carnet?<\/h5>\n<p dir=\"ltr\">S\u00f3lo se pueden consultar libros o cualquier otro material disponible para pr\u00e9stamo, con carnet.<\/p>\n<h5>\u00bfPuedo retirar libros con el carnet de un compa\u00f1ero?<\/h5>\n<p dir=\"ltr\">Los pr\u00e9stamos en sala y a domicilio se realizan con la presentaci\u00f3n del carnet propio. \u00c9ste, es personal e intransferible.<\/p>\n<h5>\u00bfTodos los materiales de la biblioteca se prestan a domicilio?<\/h5>\n<p dir=\"ltr\">No. Los materiales de referencia, documentos, revistas y producciones institucionales, se consultan en sala. Otros, quedan sujetos a evaluaci\u00f3n de los bibliotecarios.<\/p>\n<h5>\u00bfCu\u00e1ntos libros puedo\u00a0retirar a domicilio y por cu\u00e1ntos d\u00edas?<\/h5>\n<p>Se pueden llevar a domicilio hasta dos ejemplares por siete d\u00edas.<\/p>\n<h5>\u00bfQu\u00e9 pasa si no devuelvo en t\u00e9rmino el material?<\/h5>\n<p dir=\"ltr\">Los usuarios que no devuelvan el material en t\u00e9rmino ser\u00e1n \u00a0\u00a0\u00a0suspendidos en el pr\u00e9stamo a domicilio de acuerdo al reglamento de la biblioteca.<br \/>\n&#8211;&gt; <a href=\"https:\/\/ieseccleston-caba.infd.edu.ar\/aula\/archivos\/repositorio\/750\/784\/EXTRACTO_DEL_REGLAMENTO_DE_BIBLIOTECA_2017.pdf?id_curso=141\">Ir al Reglamento &lt;&#8211;<\/a><\/p>\n<h5>\u00bfPuedo retirar l\u00e1minas a domicilio?<\/h5>\n<p dir=\"ltr\">Si, las l\u00e1minas se prestan a domicilio.<\/p>\n<h5>\u00bfC\u00f3mo realizo las b\u00fasquedas en Aguapey?<\/h5>\n<p dir=\"ltr\"><a href=\"https:\/\/ieseccleston-caba.infd.edu.ar\/aula\/archivos\/repositorio\/250\/326\/Como%20realizar%20busquedas%20en%20Aguapey.pdf?id_curso=141\">Hacer click aqu\u00ed<\/a><a href=\"https:\/\/ieseccleston-caba.infd.edu.ar\/aula\/archivos\/repositorio\/250\/326\/Como%20realizar%20busquedas%20en%20Aguapey.pdf?id_curso=141\"><img decoding=\"async\" loading=\"lazy\" class=\"alignnone\" src=\"https:\/\/lh5.googleusercontent.com\/8vz1Z4mp9X11KNpxahnC6lMo4fNM15QfYHJ-LkHShJzALZq4Fu6mrDRPyhYwPjm0CDcStGynYBkM7ElNuaTFXrURR4vS2dPq1qeXz0epPL7IjPLdnvPHC9uHjsPeUlTB7fuhfscE68uF8sDNMg\" alt=\"https:\/\/encrypted-tbn2.google.com\/images?q=tbn:ANd9GcRzWm0IB056Z4mGcyqcBRMnrkgI3fsiRzFP2evIuWI_HFRobQJ1-g\" width=\"35\" height=\"33\" border=\"0\" \/><\/a><\/p>\n<h5 dir=\"ltr\">\u00bfC\u00f3mo buscar en la web material de la biblioteca?<\/h5>\n<p dir=\"ltr\"><a href=\"https:\/\/goo.gl\/PUVMgm\">Hacer click aqu\u00ed\u00a0<\/a><\/p>\n<h5>\u00bfQu\u00e9 ocurre si pierdo alg\u00fan material de la biblioteca?<\/h5>\n<p dir=\"ltr\">Una vez dado el aviso a la biblioteca, se repone el mismo ejemplar perdido. En caso de no ser posible por no hallarse esa misma edici\u00f3n, los bibliotecarios indicar\u00e1n posibles t\u00edtulos a reponer.<\/p>\n<h5>\u00bfC\u00f3mo redacto una cita bibliogr\u00e1fica?<\/h5>\n<p><span id=\"docs-internal-guid-eaeccedf-1556-f0e6-feb1-46f5f228c684\">En la biblioteca se puede consultar bibliograf\u00eda al respecto, tambi\u00e9n en el siguiente enlace: <a href=\"https:\/\/goo.gl\/62I8q9\">https:\/\/goo.gl\/62I8q9<\/a><\/span><\/p>\n","protected":false},"excerpt":{"rendered":"<p>\u00bfC\u00f3mo me hago socio? Para ser socio, es necesario ser alumno regular del instituto. Se solicita el carnet en Secretar\u00eda de Rectorado. Se pega la foto. Se presenta en Biblioteca para que se le asigne el n\u00famero de socio. Para m\u00e1s informaci\u00f3n clic aqu\u00ed. \u00bfPuedo consultar libros en sala sin el carnet? S\u00f3lo se pueden &#8230; <a title=\"Preguntas Frecuentes\" class=\"read-more\" href=\"https:\/\/ieseccleston-caba.infd.edu.ar\/sitio\/preguntas-frecuentes\/\" aria-label=\"More on Preguntas Frecuentes\">[+]<\/a><\/p>\n","protected":false},"author":7,"featured_media":0,"parent":0,"menu_order":0,"comment_status":"closed","ping_status":"closed","template":"","meta":[],"acf":[],"_links":{"self":[{"href":"https:\/\/ieseccleston-caba.infd.edu.ar\/sitio\/wp-json\/wp\/v2\/pages\/1130"}],"collection":[{"href":"https:\/\/ieseccleston-caba.infd.edu.ar\/sitio\/wp-json\/wp\/v2\/pages"}],"about":[{"href":"https:\/\/ieseccleston-caba.infd.edu.ar\/sitio\/wp-json\/wp\/v2\/types\/page"}],"author":[{"embeddable":true,"href":"https:\/\/ieseccleston-caba.infd.edu.ar\/sitio\/wp-json\/wp\/v2\/users\/7"}],"replies":[{"embeddable":true,"href":"https:\/\/ieseccleston-caba.infd.edu.ar\/sitio\/wp-json\/wp\/v2\/comments?post=1130"}],"version-history":[{"count":2,"href":"https:\/\/ieseccleston-caba.infd.edu.ar\/sitio\/wp-json\/wp\/v2\/pages\/1130\/revisions"}],"predecessor-version":[{"id":1944,"href":"https:\/\/ieseccleston-caba.infd.edu.ar\/sitio\/wp-json\/wp\/v2\/pages\/1130\/revisions\/1944"}],"wp:attachment":[{"href":"https:\/\/ieseccleston-caba.infd.edu.ar\/sitio\/wp-json\/wp\/v2\/media?parent=1130"}],"curies":[{"name":"wp","href":"https:\/\/api.w.org\/{rel}","templated":true}]}}