{"id":1065,"date":"2018-08-29T14:32:53","date_gmt":"2018-08-29T17:32:53","guid":{"rendered":"https:\/\/ieseccleston-caba.infd.edu.ar\/sitio\/inscripcion-ciclo-lectivo-2018\/"},"modified":"2024-05-20T07:53:23","modified_gmt":"2024-05-20T10:53:23","slug":"inscripcion-ciclo-lectivo-2022","status":"publish","type":"page","link":"https:\/\/ieseccleston-caba.infd.edu.ar\/sitio\/inscripcion-ciclo-lectivo-2022\/","title":{"rendered":"Inscripci\u00f3n Ciclo Lectivo 2025"},"content":{"rendered":"\n<p style=\"text-align: center;\"><span style=\"color: #333399;\"><strong style=\"color: #666699; font-size: 10pt;\">JARDIN DE INFANCIA MITRE<\/strong><\/span><\/p>\n<div>\n<h4 style=\"text-align: center;\"><span style=\"color: #333399;\"><strong>Direcci\u00f3n: Av. Dorrego 3723 \u00a0 \u00a0 \u00a0Jornada Completa (8:45 a 16:00 hs)<\/strong><\/span><\/h4>\n<\/div>\n<hr \/>\n<div>\n<p style=\"text-align: justify;\"><p dir=\"ltr\">Estimados\/as: Les informamos las fechas de\u00a0preinscripci\u00f3n\u00a0en l\u00ednea\u00a0y validaci\u00f3n de documentaci\u00f3n para aquellas familias que tengan nuevos aspirantes de ingreso al Jardin o que deban realizar la preinscripci\u00f3n a otra escuela. (los\/as alumnos\/as regulares NO requieren de este tr\u00e1mite)<\/p>\n<p dir=\"ltr\" style=\"text-align: justify;\">PREINSCRIPCI\u00d3N Y CONTROL DOCUMENTAL\/VALIDACI\u00d3N PARA EL CICLO LECTIVO 2022<\/p>\n<p dir=\"ltr\" style=\"text-align: justify;\"><b>1.<\/b> Preinscripci\u00f3n de manera virtual (on line): desde el 4 al 17 de octubre en <a href=\"http:\/\/buenosaires.gob.ar\/inscripcionescolar\">buenosaires.gob.ar\/inscripcionescolar<\/a> o telef\u00f3nicamente a trav\u00e9s del CEC 0800 &#8211; 333 &#8211; 3382. Tambi\u00e9n habr\u00e1 una opci\u00f3n presencial en algunas sedes dispuestas por el GCABA. (consultar en la p\u00e1gina).<\/p>\n<p dir=\"ltr\" style=\"text-align: justify;\"><b>2. Control documental\/validaci\u00f3n: la realizar\u00e1n los equipos directivos de cada escuela en forma virtual desde el 4\/10 al 29\/10. Es importante adjuntar los archivos correspondientes y que coincidan con los datos cargados en el formulario de preinscripci\u00f3n. (sugerimos controlar la calidad de las fotos y\/ escaneos de los mismos)<\/b><\/p>\n<p>Saludos Cordiales<\/p>\n<p>Equipo de Conducci\u00f3n<\/p>\n<\/div>\n<p><span style=\"color: #000080;\"><strong>\u00a0<\/strong><\/span><\/p>\n<div>\u00a0<\/div>\n<p>\u00a0<\/p>\n<p><span style=\"color: #000080;\"><strong>\u00a0<\/strong><\/span><\/p>\n<\/div>\n<\/div>\n","protected":false},"excerpt":{"rendered":"<p>JARDIN DE INFANCIA MITRE Direcci\u00f3n: Av. Dorrego 3723 \u00a0 \u00a0 \u00a0Jornada Completa (8:45 a 16:00 hs) Estimados\/as: Les informamos las fechas de\u00a0preinscripci\u00f3n\u00a0en l\u00ednea\u00a0y validaci\u00f3n de documentaci\u00f3n para aquellas familias que tengan nuevos aspirantes de ingreso al Jardin o que deban realizar la preinscripci\u00f3n a otra escuela. (los\/as alumnos\/as regulares NO requieren de este tr\u00e1mite) PREINSCRIPCI\u00d3N &#8230; <a title=\"Inscripci\u00f3n Ciclo Lectivo 2025\" class=\"read-more\" href=\"https:\/\/ieseccleston-caba.infd.edu.ar\/sitio\/inscripcion-ciclo-lectivo-2022\/\" aria-label=\"More on Inscripci\u00f3n Ciclo Lectivo 2025\">[+]<\/a><\/p>\n","protected":false},"author":7,"featured_media":0,"parent":0,"menu_order":0,"comment_status":"closed","ping_status":"closed","template":"","meta":[],"acf":[],"_links":{"self":[{"href":"https:\/\/ieseccleston-caba.infd.edu.ar\/sitio\/wp-json\/wp\/v2\/pages\/1065"}],"collection":[{"href":"https:\/\/ieseccleston-caba.infd.edu.ar\/sitio\/wp-json\/wp\/v2\/pages"}],"about":[{"href":"https:\/\/ieseccleston-caba.infd.edu.ar\/sitio\/wp-json\/wp\/v2\/types\/page"}],"author":[{"embeddable":true,"href":"https:\/\/ieseccleston-caba.infd.edu.ar\/sitio\/wp-json\/wp\/v2\/users\/7"}],"replies":[{"embeddable":true,"href":"https:\/\/ieseccleston-caba.infd.edu.ar\/sitio\/wp-json\/wp\/v2\/comments?post=1065"}],"version-history":[{"count":8,"href":"https:\/\/ieseccleston-caba.infd.edu.ar\/sitio\/wp-json\/wp\/v2\/pages\/1065\/revisions"}],"predecessor-version":[{"id":2335,"href":"https:\/\/ieseccleston-caba.infd.edu.ar\/sitio\/wp-json\/wp\/v2\/pages\/1065\/revisions\/2335"}],"wp:attachment":[{"href":"https:\/\/ieseccleston-caba.infd.edu.ar\/sitio\/wp-json\/wp\/v2\/media?parent=1065"}],"curies":[{"name":"wp","href":"https:\/\/api.w.org\/{rel}","templated":true}]}}