{"id":1037,"date":"2018-08-29T14:32:40","date_gmt":"2018-08-29T17:32:40","guid":{"rendered":"https:\/\/ieseccleston-caba.infd.edu.ar\/sitio\/orientaciones-para-colaboradores\/"},"modified":"2022-04-05T11:02:05","modified_gmt":"2022-04-05T14:02:05","slug":"orientaciones-para-colaboradores","status":"publish","type":"page","link":"https:\/\/ieseccleston-caba.infd.edu.ar\/sitio\/orientaciones-para-colaboradores\/","title":{"rendered":"Orientaciones para colaboradores"},"content":{"rendered":"<p style=\"text-align: center;\"><img decoding=\"async\" loading=\"lazy\" src=\"https:\/\/ieseccleston-caba.infd.edu.ar\/sitio\/wp-content\/uploads\/2018\/08\/logorev.jpg\" width=\"154\" height=\"78\" border=\"0\"><\/p>\n<p style=\"text-align: center;\"><span style=\"font-family: verdana,geneva;\"><span style=\"font-size: 12pt;\"><span style=\"color: #000080;\"><strong>Direcci\u00f3n&nbsp; de Formaci\u00f3n Docente<\/strong><br \/>\n<strong>Ministerio de Educaci\u00f3n<br \/>\nInstituto Superior del Profesorado de Educaci\u00f3n Inicial<br \/>\nSara C Eccleston<br \/>\nCiudad Aut\u00f3noma de Buenos Aires &#8211; Argentina<\/strong> <\/span><\/span><\/span><\/p>\n<p style=\"text-align: center;\"><span style=\"font-family: verdana,geneva;\"><span style=\"font-size: 12t;\"><span style=\"color: #000080;\"><span style=\"font-size: 12pt;\"><strong>e-Eccleston<br \/>\nEstudios Sobre el Nivel Inicial<\/strong><\/span><\/span><\/span><\/span><\/p>\n<p style=\"text-align: center;\"><span style=\"font-family: verdana,geneva;\"><span style=\"font-size: 10pt;\"><span style=\"color: #000080;\"><span style=\"font-size: 12pt;\"><span style=\"font-family: Verdana, Arial, Helvetica, sans-serif; color: #003366; font-size: 10pt;\">&nbsp;Para ver el documento con las orientaciones, <a href=\"https:\/\/ieseccleston-caba.infd.edu.ar\/sitio\/wp-content\/uploads\/2022\/04\/Orientaciones-para-colaboradores.pdf\">hacer click aqu\u00ed<\/a><\/span><\/span><\/span><\/span><\/span><\/p>\n<p><!--\n\n\n<p style=\"text-align: justify;\"><span style=\"font-family: verdana,geneva;\"><span style=\"font-size: 10pt;\"><span style=\"color: #000080;\"><span style=\"font-size: 12pt;\"><span style=\"color: #003366;\"><span style=\"font-size: 10pt;\"><span style=\"color: #333399;\">Con el objeto de facilitar la publicaci\u00f3n de los trabajos, se indican las orientaciones generales para su presentaci\u00f3n.\nLos trabajos deben ser de mediana extensi\u00f3n y <\/span><\/span><\/span><span style=\"font-family: Verdana, Arial, Helvetica, sans-serif; color: #003366; font-size: 10pt;\"><span style=\"font-family: verdana,geneva;\"><span style=\"font-size: 10pt;\"><span style=\"color: #333399;\">presentar un desarrollo sustantivo de la problem\u00e1tica elegida.\nDeben ser in\u00e9ditos.\nPreferentemente, los art\u00edculos enviados no deben ser sometidos en forma simult\u00e1nea a la consideraci\u00f3n de otros Consejos Editoriales. En caso de que ello ocurra, los autores deber\u00e1n informar al Comit\u00e9 Editorial de esta revista.\nLa evaluaci\u00f3n por parte del Comit\u00e9 Editorial es de car\u00e1cter an\u00f3nimo y no puede ser recurrida o apelada ante ninguna otra instancia de evaluaci\u00f3n.\nLos trabajos deben enviarse con un resumen de no m\u00e1s de 5 (cinco) l\u00edneas. Deben consignarse adem\u00e1s del nombre del\/os autor\/es, una l\u00ednea que d\u00e9 cuenta de la inserci\u00f3n acad\u00e9mica y\/o profesional.\nCada n\u00famero de Eccleston incluye dos tipos de escritos: a) \u201cart\u00edculos\u201d de mediana extensi\u00f3n de no m\u00e1s de 12 (doce) p\u00e1ginas, a raz\u00f3n de 3200 caracteres por p\u00e1gina, incluidos los espacios; b) \u201cexperiencias\u201d cuya extensi\u00f3n no debe superar las 3 (tres) p\u00e1ginas, a raz\u00f3n de 3200 caracteres por p\u00e1gina, incluidos los espacios.\nLos trabajos deben enviarse por correo electr\u00f3nico hasta la fecha establecida para cada n\u00famero, a revistaeccleston@yahoo.com.ar. La presentaci\u00f3n ser\u00e1 en procesador de textos Word o similar, en formato A4, a espacio y medio, en Times New Roman, cuerpo 12. La presentaci\u00f3n debe acompa\u00f1arse de un abstract junto con los siguientes datos: nombre y apellido, mail, instituci\u00f3n a la que pertenece y tres palabras claves. Los cuadros y gr\u00e1ficos, si los hubiere, deben enviarse en forma separada, en planilla de c\u00e1lculo Excel o similar y las im\u00e1genes en formato .jpg. En todos los casos, debe especificarse el nombre del archivo y el programa utilizado.\nPara los casos de \u201cExperiencias\u201d, el\/los autor\/es deben especificar su cargo, las fechas y el nombre de la instituci\u00f3n en que la realiz\u00f3. Una orientaci\u00f3n sobre normas bibliogr\u00e1ficas puede encontrarse en este archivo: <\/span><\/span><\/span><a title=\"Normas APA\" href=\"upload\/Normas_APA.pdf\" target=\"_blank\" rel=\"noopener\"><span style=\"font-family: verdana,geneva;\"><span style=\"font-size: 10pt;\"><span style=\"color: #333399;\">normas_apa.\n<\/span><\/span><\/span><\/a><span style=\"font-family: verdana,geneva;\"><span style=\"font-size: 10pt;\"><span style=\"color: #333399;\">La bibliograf\u00eda debe consignarse con exactitud. Si se trata de una publicaci\u00f3n peri\u00f3dica, debe indicarse fecha y n\u00famero de aparici\u00f3n.\nEl Comit\u00e9 Editorial se reserva el derecho de efectuar los cambios formales que requieran los art\u00edculos, incluyendo los t\u00edtulos, previa consulta con el\/los autor\/es. En caso de que los cambios excedan la dimensi\u00f3n formal, el art\u00edculo ser\u00e1 remitido nuevamente al\/los autor\/es para que personalmente se realicen las correcciones sugeridas. En estos casos, el\/los autor\/es deber\u00e1n reenviar el escrito en la fecha que les ser\u00e1n comunicadas.<\/span><\/span><\/span><\/span> <span style=\"font-family: Verdana, Arial, Helvetica, sans-serif; color: #003366; font-size: 10pt;\">\n<\/span><\/span><\/span><\/span><\/span><\/p>\n\n\n\n--><\/p>\n","protected":false},"excerpt":{"rendered":"<p>Direcci\u00f3n&nbsp; de Formaci\u00f3n Docente Ministerio de Educaci\u00f3n Instituto Superior del Profesorado de Educaci\u00f3n Inicial Sara C Eccleston Ciudad Aut\u00f3noma de Buenos Aires &#8211; Argentina e-Eccleston Estudios Sobre el Nivel Inicial &nbsp;Para ver el documento con las orientaciones, hacer click aqu\u00ed<\/p>\n","protected":false},"author":7,"featured_media":0,"parent":0,"menu_order":0,"comment_status":"closed","ping_status":"closed","template":"","meta":[],"acf":[],"_links":{"self":[{"href":"https:\/\/ieseccleston-caba.infd.edu.ar\/sitio\/wp-json\/wp\/v2\/pages\/1037"}],"collection":[{"href":"https:\/\/ieseccleston-caba.infd.edu.ar\/sitio\/wp-json\/wp\/v2\/pages"}],"about":[{"href":"https:\/\/ieseccleston-caba.infd.edu.ar\/sitio\/wp-json\/wp\/v2\/types\/page"}],"author":[{"embeddable":true,"href":"https:\/\/ieseccleston-caba.infd.edu.ar\/sitio\/wp-json\/wp\/v2\/users\/7"}],"replies":[{"embeddable":true,"href":"https:\/\/ieseccleston-caba.infd.edu.ar\/sitio\/wp-json\/wp\/v2\/comments?post=1037"}],"version-history":[{"count":2,"href":"https:\/\/ieseccleston-caba.infd.edu.ar\/sitio\/wp-json\/wp\/v2\/pages\/1037\/revisions"}],"predecessor-version":[{"id":1960,"href":"https:\/\/ieseccleston-caba.infd.edu.ar\/sitio\/wp-json\/wp\/v2\/pages\/1037\/revisions\/1960"}],"wp:attachment":[{"href":"https:\/\/ieseccleston-caba.infd.edu.ar\/sitio\/wp-json\/wp\/v2\/media?parent=1037"}],"curies":[{"name":"wp","href":"https:\/\/api.w.org\/{rel}","templated":true}]}}