{"id":1000,"date":"2018-08-29T14:32:25","date_gmt":"2018-08-29T17:32:25","guid":{"rendered":"https:\/\/ieseccleston-caba.infd.edu.ar\/sitio\/su-historia\/"},"modified":"2025-09-29T14:52:34","modified_gmt":"2025-09-29T17:52:34","slug":"su-historia","status":"publish","type":"page","link":"https:\/\/ieseccleston-caba.infd.edu.ar\/sitio\/su-historia\/","title":{"rendered":"Historia"},"content":{"rendered":"<p><strong>El Instituto Superior del Profesorado de Educaci\u00f3n Inicial \u201cSara C. de Eccleston\u201d<\/strong> ha sido desde su creaci\u00f3n pionero en la ense\u00f1anza de nivel inicial. Naci\u00f3 como curso de Profesorado de Kindergarten por decreto del Presidente de la Naci\u00f3n, Agust\u00edn P. Justo, <strong>el 8 de abril de 1937.<\/strong><\/p>\n<blockquote>\n<p><img decoding=\"async\" loading=\"lazy\" class=\"alignleft\" src=\"https:\/\/ieseccleston-caba.infd.edu.ar\/sitio\/wp-content\/uploads\/2018\/08\/Marga1_m.jpg\" width=\"168\" height=\"168\" border=\"0\" \/>Su primera sede fue la Escuela Normal de Maestras N\u00ba 9, \u201cDomingo Faustino Sarmiento\u201d y por iniciativa del entonces Ministro de Educaci\u00f3n, Dr. Jorge Eduardo Coll, se encomend\u00f3 la organizaci\u00f3n y direcci\u00f3n del curso a la <a title=\"Ravioli\" href=\"index.cgi?wid_item=20&amp;wid_seccion=1\"><strong>Profesora Marina Margarita Ravioli<\/strong> <\/a>quien ejerci\u00f3 su direcci\u00f3n hasta principios de 1977. La profesora Ravioli tuvo a su cargo la preparaci\u00f3n de los planes y programas del curso recientemente creado.<\/p>\n<\/blockquote>\n<p><strong>En 1938<\/strong> el Estado destina al profesorado la propiedad sita en la Av. Alvear entre las calles Ag\u00fcero y Austria (Quinta Unzu\u00e9). Posteriormente, el profesorado se traslad\u00f3 a su propia sede ya que se le otorg\u00f3 la Residencia Presidencial ubicada en Libertador y Ag\u00fcero. A partir de ese momento se le denomin\u00f3 \u201cEscuela de Profesorado Sara C. de Eccleston\u201d y se le anex\u00f3 como departamento de experiencia pedag\u00f3gica el Jard\u00edn de Infancia Mitre. En dicha sede funcion\u00f3 <strong>hasta 1942<\/strong> en que, por decreto presidencial se lo traslad\u00f3 al predio de Figueroa Alcorta y Dorrego, que era una dependencia del club Gimnasia y Esgrima.<\/p>\n<p style=\"text-align: left;\"><strong>En 1974,<\/strong> se\u00a0inaugura el nuevo edificio del Profesorado construido por la Direcci\u00f3n Nacional de Arquitectura en colaboraci\u00f3n con la Cooperadora del Jard\u00edn de Infancia \u201cMitre\u201d. Este proyecto fue realizado por el arquitecto Adolfo Storni y la direcci\u00f3n estuvo a cargo de la arquitecta Marta Caprile.<\/p>\n<p style=\"text-align: left;\"><strong>El Instituto y el Jard\u00edn de Infancia Mitre<\/strong> est\u00e1n ubicados en Dorrego 3751, entre las avenidas Figueroa Alcorta y Lugones. En la actualidad, el profesorado cuenta con una matr\u00edcula de aproximadamente 1000 alumnos.<\/p>\n<p>Transitaron sus aulas las Profesoras Beatriz Capizzano, Hebe San Mart\u00edn de Duprat, Amalia Lodi, Cristina Fritzche, entre otras.En 1994 el Instituto pasa a depender de la Secretar\u00eda de Educaci\u00f3n del Gobierno de la Ciudad Aut\u00f3noma de Buenos Aires.<\/p>\n<p>\u00a0<\/p>\n\n\n<h2 class=\"wp-block-heading\"><strong>L\u00ednea de Tiempo <\/strong><\/h2>\n\n\n\n<div class=\"wp-block-file\"><object class=\"wp-block-file__embed\" data=\"https:\/\/ieseccleston-caba.infd.edu.ar\/sitio\/wp-content\/uploads\/2025\/09\/linea-de-tiempo-2025_Diego-2.pdf\" type=\"application\/pdf\" style=\"width:100%;height:600px\" aria-label=\"Incrustado de linea-de-tiempo-2025_Diego-2.\"><\/object><a id=\"wp-block-file--media-a3c3458f-ad86-44ff-8bf6-354503a1a439\" href=\"https:\/\/ieseccleston-caba.infd.edu.ar\/sitio\/wp-content\/uploads\/2025\/09\/linea-de-tiempo-2025_Diego-2.pdf\">linea-de-tiempo-2025_Diego-2<\/a><a href=\"https:\/\/ieseccleston-caba.infd.edu.ar\/sitio\/wp-content\/uploads\/2025\/09\/linea-de-tiempo-2025_Diego-2.pdf\" class=\"wp-block-file__button wp-element-button\" download aria-describedby=\"wp-block-file--media-a3c3458f-ad86-44ff-8bf6-354503a1a439\">Descarga<\/a><\/div>\n","protected":false},"excerpt":{"rendered":"<p>El Instituto Superior del Profesorado de Educaci\u00f3n Inicial \u201cSara C. de Eccleston\u201d ha sido desde su creaci\u00f3n pionero en la ense\u00f1anza de nivel inicial. Naci\u00f3 como curso de Profesorado de Kindergarten por decreto del Presidente de la Naci\u00f3n, Agust\u00edn P. Justo, el 8 de abril de 1937. Su primera sede fue la Escuela Normal de &#8230; <a title=\"Historia\" class=\"read-more\" href=\"https:\/\/ieseccleston-caba.infd.edu.ar\/sitio\/su-historia\/\" aria-label=\"More on Historia\">[+]<\/a><\/p>\n","protected":false},"author":7,"featured_media":0,"parent":0,"menu_order":0,"comment_status":"closed","ping_status":"closed","template":"","meta":[],"acf":[],"_links":{"self":[{"href":"https:\/\/ieseccleston-caba.infd.edu.ar\/sitio\/wp-json\/wp\/v2\/pages\/1000"}],"collection":[{"href":"https:\/\/ieseccleston-caba.infd.edu.ar\/sitio\/wp-json\/wp\/v2\/pages"}],"about":[{"href":"https:\/\/ieseccleston-caba.infd.edu.ar\/sitio\/wp-json\/wp\/v2\/types\/page"}],"author":[{"embeddable":true,"href":"https:\/\/ieseccleston-caba.infd.edu.ar\/sitio\/wp-json\/wp\/v2\/users\/7"}],"replies":[{"embeddable":true,"href":"https:\/\/ieseccleston-caba.infd.edu.ar\/sitio\/wp-json\/wp\/v2\/comments?post=1000"}],"version-history":[{"count":7,"href":"https:\/\/ieseccleston-caba.infd.edu.ar\/sitio\/wp-json\/wp\/v2\/pages\/1000\/revisions"}],"predecessor-version":[{"id":2818,"href":"https:\/\/ieseccleston-caba.infd.edu.ar\/sitio\/wp-json\/wp\/v2\/pages\/1000\/revisions\/2818"}],"wp:attachment":[{"href":"https:\/\/ieseccleston-caba.infd.edu.ar\/sitio\/wp-json\/wp\/v2\/media?parent=1000"}],"curies":[{"name":"wp","href":"https:\/\/api.w.org\/{rel}","templated":true}]}}